{"id":19,"date":"2022-11-03T13:10:36","date_gmt":"2022-11-03T13:10:36","guid":{"rendered":"https:\/\/hireaprohacker.com\/?page_id=19"},"modified":"2025-08-12T11:19:35","modified_gmt":"2025-08-12T11:19:35","slug":"hire-a-hacker-for-fund-recovery","status":"publish","type":"page","link":"https:\/\/hireaprohacker.com\/pt\/hire-a-hacker-for-fund-recovery\/","title":{"rendered":"Contratar um hacker para a recupera\u00e7\u00e3o de fundos"},"content":{"rendered":"<section class=\"section\" id=\"section_2143961158\">\n\t\t<div class=\"bg section-bg fill bg-fill  bg-loaded\" >\n\n\t\t\t\n\t\t\t\n\t\t\t\n\n\t\t<\/div>\n\n\t\t\n\n\t\t<div class=\"section-content relative\">\n\t\t\t\n<h2 style=\"text-align: center;\"><strong>Hire a hacker for fund recovery : Debt Clearing Hacker<\/strong><\/h2>\n<h3><strong>Regulations and Requirements:<\/strong><\/h3>\n<p><strong>Our organisation offers the unique service of debt clearing and reduction,\u00a0 there are many controversies with this service and of course we cannot clear everyone&#8217;s debt. There are some criteria which we take in to consideration before we are able to validate if your debt can be cleared or reduce. Hire a hacker for fund recovery<\/strong><\/p>\n<ul>\n<li><strong>Remember that you are not committed with us yet, but if you place an order, we will have a contract, and you must fulfill it mandatorily.<\/strong><\/li>\n<li><b>Not to read or misunderstand the rules is not justification for not fulfil them.<\/b><\/li>\n<li><strong>Provide all records of your credit and debt history<\/strong><\/li>\n<li><strong>Provide details of your financial institution and operations relating to your debt.<\/strong><\/li>\n<li><strong>Once you place an order, we don\u2019t accept any modification or cancellation. If you are not sure about our service, DO NOT order anything yet. Hire a hacker for fund recovery<\/strong><\/li>\n<\/ul>\n<p class=\"q-text qu-display--block qu-wordBreak--break-word qu-textAlign--start\"><strong>A hacker could wipe the debt of a handful of select individuals but not everybody\u2019s. There are too many checks and balances, both digital and non-digital. Here is a short list of reasons why it\u2019s impossible:<\/strong><\/p>\n<ul class=\"q-box\">\n<li class=\"q-relative\"><strong>Banks\/lenders would realise quickly that all their customers disappeared or at the very least they stopped generating revenue.<\/strong><\/li>\n<li class=\"q-relative\"><strong>Most companies still have printed documents, contract copies, etc. on file.<\/strong><\/li>\n<li class=\"q-relative\"><strong>Both creditors and collection agencies make lots of calls to delinquent borrowers. They would wonder why there are no calls to make and pull up their written notes and call logs with debtor names.Debt Clearing Hacker<\/strong><\/li>\n<li class=\"q-relative\"><strong>The credit reporting agencies would have your credit history. And, everyone that requested your credit report would have a hard copy. Hacker to catch cheating partner\u00a0<\/strong><\/li>\n<li class=\"q-relative\"><strong>A single hacker would have to be omnipotent to even attempt this.<\/strong><\/li>\n<\/ul>\n<p class=\"q-text qu-display--block qu-wordBreak--break-word qu-textAlign--start\"><strong>If you are a hacker, could you have wiped out everybody&#8217;s debt?<\/strong><\/p>\n<p class=\"q-text qu-display--block qu-wordBreak--break-word qu-textAlign--start\"><strong>No. Even the most skilled hacker in the world can&#8217;t hack everyone&#8217;s debt away.Hire a hacker for fund recovery<\/strong><\/p>\n<p class=\"q-text qu-display--block qu-wordBreak--break-word qu-textAlign--start\"><strong>\u201cDebt\u201d, or bank balance, is stored on the banks&#8217; servers in databases. Each bank is responsible for backing up their own data, otherwise it takes just one \u201chack\u201d to bring down the whole bank.<\/strong><\/p>\n<p class=\"q-text qu-display--block qu-wordBreak--break-word qu-textAlign--start\"><strong>Once the database is wiped\/corrupted\/changed, the people who put their money in the bank won&#8217;t get it back automatically, and the bank will owe it to them. It probably won&#8217;t be able to do that, will go bankrupt (literally bankrupt), and the customers won&#8217;t have anything. Hacker to catch cheating partner\u00a0<\/strong><\/p>\n<p class=\"q-text qu-display--block qu-wordBreak--break-word qu-textAlign--start\"><strong>But,\u00a0if the bank makes backups often, a recent version of the <a href=\"https:\/\/hireaprohacker.com\/pt\/\">database<\/a> will be available. Whatever changed in that period between the last backup and the hack is irretrievable unless people have the receipts or backups of their own (with legal legitimacy!) to prove it.Debt Clearing Hacker<\/strong><\/p>\n<p class=\"q-text qu-display--block qu-wordBreak--break-word qu-textAlign--start\"><strong>So no, you can&#8217;t wipe everyone&#8217;s <a href=\"https:\/\/www.google.com\/\" target=\"_blank\" rel=\"noopener\">debt<\/a> off of a single bank, let alone the whole world.<\/strong><\/p>\n<p class=\"q-text qu-display--block qu-wordBreak--break-word qu-textAlign--start\"><strong>In addition to the practical impossibility of it, wiping away everyone&#8217;s debt will make other people lose money.<\/strong><\/p>\n<p class=\"q-text qu-display--block qu-wordBreak--break-word qu-textAlign--start\"><strong>Say a farmer sells a supermarket a carton of eggs every day, and the supermarket pays the farmer each week. Now here comes our gloriously skilled hacker and vaporises the supermarket&#8217;s debt. The farmer gave the supermarket eggs, didn&#8217;t get payed, and now the supermarket doesn&#8217;t owe him anything. Problem.<\/strong><\/p>\n<p class=\"q-text qu-display--block qu-wordBreak--break-word qu-textAlign--start\"><strong>If you mean it in a way that the farmer in this example gets money too, that&#8217;s basically causing inflation. You&#8217;re generating more money, so in a way, there&#8217;s more supply to the demand for money and the worth of each dollar decreases, so prices must go up and everything becomes more expensive. People continue to lose money, they continue to be in debt, and nothing has changed except that you&#8217;ve cause inflation.Hire a hacker for fund recovery<\/strong><\/p>\n<p><strong>CONTACT US FOR YOUR DEBT CLEARING | RENT A HACKER TO DELETE YOUR DEBT | RENT A HACKER TO REDUCE DEBT | HIRE A HACKER TODAY | RENT A DEBT CLEARING HACKER ONLINE.<\/strong><\/p>\n<p><span data-text-color=\"primary\"><strong>N\u00e3o se deixem enganar por imitadores ou falsos.100% Reembolso garantido para trabalhos n\u00e3o conclu\u00eddos. POR UM PRE\u00c7O DE CURSO. Contacte-nos no Telegram, e Email ONLY<\/strong><\/span><\/p>\n<p style=\"text-align: center;\"><strong>TELEGRAMA: <span data-text-color=\"alert\">@Zumcracks<\/span>\u00a0Correio eletr\u00f3nico: <span data-text-color=\"alert\">Akalazamprohackers@proton.me<\/span><\/strong><\/p>\n<a href=\"https:\/\/hireaprohacker.com\/pt\/contact-us\/\" target=\"_self\" class=\"button primary expand\">\n    <span>CONTACT HERE<\/span>\n  <\/a>\n\n\t\t<\/div>\n\n\t\t\n<style>\n#section_2143961158 {\n  padding-top: 30px;\n  padding-bottom: 30px;\n}\n#section_2143961158 .ux-shape-divider--top svg {\n  height: 150px;\n  --divider-top-width: 100%;\n}\n#section_2143961158 .ux-shape-divider--bottom svg {\n  height: 150px;\n  --divider-width: 100%;\n}\n<\/style>\n\t<\/section>","protected":false},"excerpt":{"rendered":"","protected":false},"author":1,"featured_media":22,"parent":0,"menu_order":0,"comment_status":"closed","ping_status":"closed","template":"","meta":{"footnotes":""},"class_list":["post-19","page","type-page","status-publish","has-post-thumbnail","hentry"],"_links":{"self":[{"href":"https:\/\/hireaprohacker.com\/pt\/wp-json\/wp\/v2\/pages\/19","targetHints":{"allow":["GET"]}}],"collection":[{"href":"https:\/\/hireaprohacker.com\/pt\/wp-json\/wp\/v2\/pages"}],"about":[{"href":"https:\/\/hireaprohacker.com\/pt\/wp-json\/wp\/v2\/types\/page"}],"author":[{"embeddable":true,"href":"https:\/\/hireaprohacker.com\/pt\/wp-json\/wp\/v2\/users\/1"}],"replies":[{"embeddable":true,"href":"https:\/\/hireaprohacker.com\/pt\/wp-json\/wp\/v2\/comments?post=19"}],"version-history":[{"count":10,"href":"https:\/\/hireaprohacker.com\/pt\/wp-json\/wp\/v2\/pages\/19\/revisions"}],"predecessor-version":[{"id":256,"href":"https:\/\/hireaprohacker.com\/pt\/wp-json\/wp\/v2\/pages\/19\/revisions\/256"}],"wp:featuredmedia":[{"embeddable":true,"href":"https:\/\/hireaprohacker.com\/pt\/wp-json\/wp\/v2\/media\/22"}],"wp:attachment":[{"href":"https:\/\/hireaprohacker.com\/pt\/wp-json\/wp\/v2\/media?parent=19"}],"curies":[{"name":"wp","href":"https:\/\/api.w.org\/{rel}","templated":true}]}}