{"id":103,"date":"2023-06-13T02:23:36","date_gmt":"2023-06-13T02:23:36","guid":{"rendered":"https:\/\/hireaprohacker.com\/?page_id=103"},"modified":"2024-12-22T20:01:19","modified_gmt":"2024-12-22T20:01:19","slug":"hire-a-hacker-for-cell-phone","status":"publish","type":"page","link":"https:\/\/hireaprohacker.com\/pt\/hire-a-hacker-for-cell-phone\/","title":{"rendered":"Servi\u00e7os"},"content":{"rendered":"<h2><strong>Hire a hacker for cell phone<\/strong><\/h2>\n<h3 style=\"text-align: center;\"><span data-text-color=\"primary\"><strong>Pirataria de todas as contas das redes sociais<\/strong><\/span><\/h3>\n<p><strong>Rent a hacker to provide access to all social media account such as telegram, facebook, instagram, snapchat, Email. Our software and spy tools enables our clients to have full access to the accounts which are irreversible. Social media account hacker for rent.<\/strong><\/p>\n<h3 style=\"text-align: center;\"><span data-text-color=\"primary\"><strong>Espionagem do parceiro traidor<\/strong><\/span><\/h3>\n<p class=\"p1\"><strong>A imagina\u00e7\u00e3o, as noites sem dormir e as suspeitas sobre a lealdade do seu parceiro acabaram. Ajudamo-lo a ter acesso \u00e0s conversas do seu parceiro em tempo real sem o conhecimento do mesmo. Contrate um hacker profissional e tudo o que tem de fazer \u00e9 sentar-se e relaxar enquanto v\u00ea a magia funcionar. <span class=\"selectable-text copyable-text\">Hire a Hacker To Catch A Cheating Spouse, Boyfriend or Girlfriend.Hire a hacker for cell phone<\/span><\/strong><\/p>\n<h3 style=\"text-align: center;\"><span data-text-color=\"primary\"><strong>Recupera\u00e7\u00e3o de bitcoins perdidos<\/strong><\/span><\/h3>\n<p><strong>Recovery of lost or stolen crypto can be very difficult, There are several elements which have to be taken into consideration such as the type of wallet, duration of the lost and security. We always urge our clients involved in crypto loss to get into contact with us fast so that we can trace the receiving wallet and proceed with freezing the assets first before being able to ID and retrieve. <a href=\"https:\/\/medium.com\/tag\/hackers-and-education\" target=\"_blank\" rel=\"noopener\">Crypto recovery<\/a> expert online. Hire a hacker for cell phone<\/strong><\/p>\n<h3 style=\"text-align: center;\"><span data-text-color=\"primary\"><strong>Recupera\u00e7\u00e3o\/altera\u00e7\u00e3o de dados<\/strong><\/span><\/h3>\n<p class=\"p1\"><strong>A recupera\u00e7\u00e3o de dados \u00e9 o processo de restaurar dados que foram perdidos, danificados ou eliminados acidentalmente. O processo espec\u00edfico de recupera\u00e7\u00e3o de dados depender\u00e1 da causa e da extens\u00e3o da perda de dados, bem como do tipo de dispositivo e suporte de armazenamento envolvidos. Contratar um especialista em recupera\u00e7\u00e3o de dados<\/strong><\/p>\n<h3 style=\"text-align: center;\"><span data-text-color=\"primary\"><strong>atualiza\u00e7\u00e3o das notas e do acesso \u00e0 base de dados dos exames\u00a0<\/strong><\/span><\/h3>\n<p><strong>This service range from upgrading student grades, access to school and exam board data base for leaked questions, Provision of authentic questions for most international exams in the departments of nursing, medicine, language and several others. <a href=\"https:\/\/hireaprohacker.com\/pt\/\">Hire a hacker<\/a> to improve exam grades and leaked RN questions. Hire a hacker for cell phone<\/strong><\/p>\n<h3 style=\"text-align: center;\"><span data-text-color=\"primary\"><strong>Liquida\u00e7\u00e3o\/pagamento de hipoteca\/empr\u00e9stimo<\/strong><\/span><\/h3>\n<p><strong>Este servi\u00e7o \u00e9 sistem\u00e1tico, a fim de evitar quaisquer suspeitas e sinais de alerta. Todos os empr\u00e9stimos e hipotecas n\u00e3o podem ser liquidados instantaneamente. O tempo de trabalho pode variar de semanas a v\u00e1rios meses, consoante o montante a liquidar e o pa\u00eds. Procedemos \u00e0 limpeza tanto do registo dos credores como do gabinete de registos. Contratar um hacker profissional para limpar o registo \u00e9 garantido com os nossos hackers de pagamento de empr\u00e9stimos\/hipotecas.\u00a0<\/strong><\/p>\n<h3 style=\"text-align: center;\"><span data-text-color=\"primary\"><strong>Aumento da pontua\u00e7\u00e3o de cr\u00e9dito<\/strong><\/span><\/h3>\n<p><strong>Are you unable to get approval from the bank or any other creditors due to your credit score? Our team of certified hackers are here to help improve your credit score with all old traces erased. <a href=\"https:\/\/hireaprohacker.com\/pt\/\">Click<\/a> to hire a hacker to increase credit score. Hire a hacker for cell phone<\/strong><\/p>\n<h3 style=\"text-align: center;\"><span data-text-color=\"primary\"><strong>Localiza\u00e7\u00e3o<\/strong><\/span><\/h3>\n<p><strong>Rastrear a localiza\u00e7\u00e3o de algu\u00e9m pode ser uma tarefa dif\u00edcil, mas com o conhecimento certo pode ser feito em poucos minutos. Podemos ajud\u00e1-lo a rastrear a localiza\u00e7\u00e3o de qualquer pessoa no mundo atrav\u00e9s de um dispositivo eletr\u00f3nico, n\u00famero de telefone, e-mail ou conta de redes sociais. Contrata\u00e7\u00e3o de um hacker\u00a0<\/strong><\/p>\n<p><span data-text-color=\"primary\"><strong>N\u00e3o se deixem enganar por imitadores ou falsos.100% Reembolso garantido para trabalhos n\u00e3o conclu\u00eddos. POR UM PRE\u00c7O DE CURSO. Contacte-nos no Telegram, e Email ONLY<\/strong><\/span><\/p>\n<p style=\"text-align: center;\"><strong>TELEGRAMA: <span data-text-color=\"alert\">@Zumcracks<\/span>\u00a0 Correio eletr\u00f3nico: <span data-text-color=\"alert\">Akalazamprohackers@proton.me<\/span><\/strong><\/p>\n<a href=\"https:\/\/hireaprohacker.com\/pt\/contact-us\/\" target=\"_self\" class=\"button primary expand\">\n    <span>CONTACT HERE<\/span>\n  <\/a>","protected":false},"excerpt":{"rendered":"<p>Hire a hacker for cell phone Hacking of all social media accounts Rent a hacker to provide access to all social media account such as telegram, facebook, instagram, snapchat, Email. Our software and spy tools enables our clients to have full access to the accounts which are irreversible. Social media account hacker for rent. Spying [&#8230;]\n","protected":false},"author":1,"featured_media":12,"parent":0,"menu_order":0,"comment_status":"closed","ping_status":"closed","template":"","meta":{"footnotes":""},"class_list":["post-103","page","type-page","status-publish","has-post-thumbnail","hentry"],"_links":{"self":[{"href":"https:\/\/hireaprohacker.com\/pt\/wp-json\/wp\/v2\/pages\/103","targetHints":{"allow":["GET"]}}],"collection":[{"href":"https:\/\/hireaprohacker.com\/pt\/wp-json\/wp\/v2\/pages"}],"about":[{"href":"https:\/\/hireaprohacker.com\/pt\/wp-json\/wp\/v2\/types\/page"}],"author":[{"embeddable":true,"href":"https:\/\/hireaprohacker.com\/pt\/wp-json\/wp\/v2\/users\/1"}],"replies":[{"embeddable":true,"href":"https:\/\/hireaprohacker.com\/pt\/wp-json\/wp\/v2\/comments?post=103"}],"version-history":[{"count":4,"href":"https:\/\/hireaprohacker.com\/pt\/wp-json\/wp\/v2\/pages\/103\/revisions"}],"predecessor-version":[{"id":157,"href":"https:\/\/hireaprohacker.com\/pt\/wp-json\/wp\/v2\/pages\/103\/revisions\/157"}],"wp:featuredmedia":[{"embeddable":true,"href":"https:\/\/hireaprohacker.com\/pt\/wp-json\/wp\/v2\/media\/12"}],"wp:attachment":[{"href":"https:\/\/hireaprohacker.com\/pt\/wp-json\/wp\/v2\/media?parent=103"}],"curies":[{"name":"wp","href":"https:\/\/api.w.org\/{rel}","templated":true}]}}