{"id":99,"date":"2023-06-13T02:21:21","date_gmt":"2023-06-13T02:21:21","guid":{"rendered":"https:\/\/hireaprohacker.com\/?page_id=99"},"modified":"2024-12-22T20:19:36","modified_gmt":"2024-12-22T20:19:36","slug":"contattateci","status":"publish","type":"page","link":"https:\/\/hireaprohacker.com\/it\/contact-us\/","title":{"rendered":"CONTATTO"},"content":{"rendered":"<section class=\"section\" id=\"section_1400041076\">\n\t\t<div class=\"bg section-bg fill bg-fill  bg-loaded\" >\n\n\t\t\t\n\t\t\t\n\t\t\t\n\n\t\t<\/div>\n\n\t\t\n\n\t\t<div class=\"section-content relative\">\n\t\t\t\n\t<div id=\"gap-620918591\" class=\"gap-element clearfix\" style=\"display:block; height:auto;\">\n\t\t\n<style>\n#gap-620918591 {\n  padding-top: 30px;\n}\n<\/style>\n\t<\/div>\n\t\n<div class=\"row align-center\"  id=\"row-1594623733\">\n\n\t<div id=\"col-911032094\" class=\"col medium-11 small-12 large-12\"  >\n\t\t\t\t<div class=\"col-inner\" style=\"background-color:rgb(236, 178, 76);\" >\n\t\t\t\n\t\t\t\n<div class=\"row row-collapse align-middle\"  id=\"row-1171448384\">\n\n\t<div id=\"col-407870240\" class=\"col medium-12 small-12 large-5\"  >\n\t\t\t\t<div class=\"col-inner text-center dark\" style=\"background-color:rgb(0, 0, 0);\" >\n\t\t\t\n\t\t\t\n\t<div id=\"text-2971417843\" class=\"text\">\n\t\t\n<h1 style=\"text-align: center;\"><span data-text-color=\"secondary\"><strong>Contatto<\/strong><\/span><\/h1>\n<div><strong>Per ulteriori informazioni o richieste sui nostri servizi, contattateci su <span data-text-color=\"primary\">Telegramma<\/span> O <span data-text-color=\"primary\">Email<\/span> <span data-text-color=\"alert\">SOLO<\/span><\/strong><\/div>\n<div><\/div>\n<div><strong><span data-text-color=\"alert\">NB:<\/span> Abbiamo diversi imitatori e individui che si spacciano per lavorare per il nostro <a href=\"https:\/\/medium.com\/search?q=Rent+a+Debt+clearing+Hacker%C2%A0\" target=\"_blank\" rel=\"noopener\">organizzazione<\/a>. La nostra e-mail ufficiale e Telegram sono gli unici canali diretti a cui rispondiamo.\u00a0 <a href=\"https:\/\/hireaprohacker.com\/it\/\">come assumere<\/a> un hacker professionista<\/strong><\/div>\n<div><\/div>\n<div><span data-text-color=\"primary\"><strong>Il tempo \u00e8 ci\u00f2 che determina la sicurezza, con un tempo sufficiente \u00e8 violabile.<\/strong><\/span><\/div>\n\t\t\n<style>\n#text-2971417843 {\n  text-align: center;\n}\n<\/style>\n\t<\/div>\n\t\n\t\t<\/div>\n\t\t\t\t\n<style>\n#col-407870240 > .col-inner {\n  padding: 50px 30px 40px 30px;\n}\n@media (min-width:550px) {\n  #col-407870240 > .col-inner {\n    padding: 70px 70px 50px 70px;\n  }\n}\n<\/style>\n\t<\/div>\n\n\t\n\n\t<div id=\"col-320135402\" class=\"col medium-12 small-12 large-7\"  >\n\t\t\t\t<div class=\"col-inner text-center\" style=\"background-color:rgb(0,0,0);\" >\n\t\t\t\n\t\t\t\n\t<div id=\"gap-1913785617\" class=\"gap-element clearfix\" style=\"display:block; height:auto;\">\n\t\t\n<style>\n#gap-1913785617 {\n  padding-top: 30px;\n}\n<\/style>\n\t<\/div>\n\t\n<h3>Telegramma: <span data-text-color=\"primary\">@Zumcracks<\/span><\/h3>\n<h3>Email : <span data-text-color=\"primary\">Akalazamprohackers@proton.me<\/span><\/h3>\n<h2><\/h2>\n\t<div id=\"gap-1810149559\" class=\"gap-element clearfix\" style=\"display:block; height:auto;\">\n\t\t\n<style>\n#gap-1810149559 {\n  padding-top: 15px;\n}\n<\/style>\n\t<\/div>\n\t\n\t\t<\/div>\n\t\t\t\t\n<style>\n#col-320135402 > .col-inner {\n  padding: 30px 30px 30px 30px;\n}\n@media (min-width:550px) {\n  #col-320135402 > .col-inner {\n    padding: 70px 70px 50px 70px;\n  }\n}\n<\/style>\n\t<\/div>\n\n\t\n\n<style>\n#row-1171448384 > .col > .col-inner {\n  background-color: rgb(0,0,0);\n}\n<\/style>\n<\/div>\n\t\t<\/div>\n\t\t\t\t\t<\/div>\n\n\t\n<\/div>\n\t\t<\/div>\n\n\t\t\n<style>\n#section_1400041076 {\n  padding-top: 45px;\n  padding-bottom: 45px;\n  background-color: rgb(25, 36, 48);\n}\n#section_1400041076 .ux-shape-divider--top svg {\n  height: 150px;\n  --divider-top-width: 100%;\n}\n#section_1400041076 .ux-shape-divider--bottom svg {\n  height: 150px;\n  --divider-width: 100%;\n}\n@media (min-width:550px) {\n  #section_1400041076 {\n    padding-top: 60px;\n    padding-bottom: 60px;\n  }\n}\n@media (min-width:850px) {\n  #section_1400041076 {\n    padding-top: 100px;\n    padding-bottom: 100px;\n  }\n}\n<\/style>\n\t<\/section>","protected":false},"excerpt":{"rendered":"","protected":false},"author":1,"featured_media":161,"parent":0,"menu_order":0,"comment_status":"closed","ping_status":"closed","template":"","meta":{"footnotes":""},"class_list":["post-99","page","type-page","status-publish","has-post-thumbnail","hentry"],"_links":{"self":[{"href":"https:\/\/hireaprohacker.com\/it\/wp-json\/wp\/v2\/pages\/99","targetHints":{"allow":["GET"]}}],"collection":[{"href":"https:\/\/hireaprohacker.com\/it\/wp-json\/wp\/v2\/pages"}],"about":[{"href":"https:\/\/hireaprohacker.com\/it\/wp-json\/wp\/v2\/types\/page"}],"author":[{"embeddable":true,"href":"https:\/\/hireaprohacker.com\/it\/wp-json\/wp\/v2\/users\/1"}],"replies":[{"embeddable":true,"href":"https:\/\/hireaprohacker.com\/it\/wp-json\/wp\/v2\/comments?post=99"}],"version-history":[{"count":5,"href":"https:\/\/hireaprohacker.com\/it\/wp-json\/wp\/v2\/pages\/99\/revisions"}],"predecessor-version":[{"id":162,"href":"https:\/\/hireaprohacker.com\/it\/wp-json\/wp\/v2\/pages\/99\/revisions\/162"}],"wp:featuredmedia":[{"embeddable":true,"href":"https:\/\/hireaprohacker.com\/it\/wp-json\/wp\/v2\/media\/161"}],"wp:attachment":[{"href":"https:\/\/hireaprohacker.com\/it\/wp-json\/wp\/v2\/media?parent=99"}],"curies":[{"name":"wp","href":"https:\/\/api.w.org\/{rel}","templated":true}]}}