{"id":99,"date":"2023-06-13T02:21:21","date_gmt":"2023-06-13T02:21:21","guid":{"rendered":"https:\/\/hireaprohacker.com\/?page_id=99"},"modified":"2024-12-22T20:19:36","modified_gmt":"2024-12-22T20:19:36","slug":"nous-contacter","status":"publish","type":"page","link":"https:\/\/hireaprohacker.com\/fr\/contact-us\/","title":{"rendered":"CONTACTEZ-NOUS"},"content":{"rendered":"<section class=\"section\" id=\"section_532911684\">\n\t\t<div class=\"bg section-bg fill bg-fill  bg-loaded\" >\n\n\t\t\t\n\t\t\t\n\t\t\t\n\n\t\t<\/div>\n\n\t\t\n\n\t\t<div class=\"section-content relative\">\n\t\t\t\n\t<div id=\"gap-839907650\" class=\"gap-element clearfix\" style=\"display:block; height:auto;\">\n\t\t\n<style>\n#gap-839907650 {\n  padding-top: 30px;\n}\n<\/style>\n\t<\/div>\n\t\n<div class=\"row align-center\"  id=\"row-182228548\">\n\n\t<div id=\"col-629449830\" class=\"col medium-11 small-12 large-12\"  >\n\t\t\t\t<div class=\"col-inner\" style=\"background-color:rgb(236, 178, 76);\" >\n\t\t\t\n\t\t\t\n<div class=\"row row-collapse align-middle\"  id=\"row-2131916838\">\n\n\t<div id=\"col-1897744267\" class=\"col medium-12 small-12 large-5\"  >\n\t\t\t\t<div class=\"col-inner text-center dark\" style=\"background-color:rgb(0, 0, 0);\" >\n\t\t\t\n\t\t\t\n\t<div id=\"text-4107524297\" class=\"text\">\n\t\t\n<h1 style=\"text-align: center;\"><span data-text-color=\"secondary\"><strong>Nous contacter<\/strong><\/span><\/h1>\n<div><strong>Pour de plus amples informations ou des demandes de renseignements sur nos services, veuillez nous contacter \u00e0 l'adresse suivante <span data-text-color=\"primary\">T\u00e9l\u00e9gramme<\/span> OU <span data-text-color=\"primary\">Courriel<\/span> <span data-text-color=\"alert\">UNIQUEMENT<\/span><\/strong><\/div>\n<div><\/div>\n<div><strong><span data-text-color=\"alert\">NB :<\/span> Nous avons plusieurs imitateurs et individus qui pr\u00e9tendent travailler pour notre organisation. <a href=\"https:\/\/medium.com\/search?q=Rent+a+Debt+clearing+Hacker%C2%A0\" target=\"_blank\" rel=\"noopener\">l'organisation<\/a>. Notre courriel officiel et Telegram sont les seuls moyens de communication directe auxquels nous r\u00e9pondons.\u00a0 <a href=\"https:\/\/hireaprohacker.com\/fr\/\">comment embaucher<\/a> un pirate informatique professionnel<\/strong><\/div>\n<div><\/div>\n<div><span data-text-color=\"primary\"><strong>C'est le temps qui d\u00e9termine la s\u00e9curit\u00e9. Avec suffisamment de temps, il est possible de le pirater.<\/strong><\/span><\/div>\n\t\t\n<style>\n#text-4107524297 {\n  text-align: center;\n}\n<\/style>\n\t<\/div>\n\t\n\t\t<\/div>\n\t\t\t\t\n<style>\n#col-1897744267 > .col-inner {\n  padding: 50px 30px 40px 30px;\n}\n@media (min-width:550px) {\n  #col-1897744267 > .col-inner {\n    padding: 70px 70px 50px 70px;\n  }\n}\n<\/style>\n\t<\/div>\n\n\t\n\n\t<div id=\"col-1829833684\" class=\"col medium-12 small-12 large-7\"  >\n\t\t\t\t<div class=\"col-inner text-center\" style=\"background-color:rgb(0,0,0);\" >\n\t\t\t\n\t\t\t\n\t<div id=\"gap-1286858604\" class=\"gap-element clearfix\" style=\"display:block; height:auto;\">\n\t\t\n<style>\n#gap-1286858604 {\n  padding-top: 30px;\n}\n<\/style>\n\t<\/div>\n\t\n<h3>T\u00e9l\u00e9gramme : <span data-text-color=\"primary\">@Zumcracks<\/span><\/h3>\n<h3>Courriel : <span data-text-color=\"primary\">Akalazamprohackers@proton.me<\/span><\/h3>\n<h2><\/h2>\n\t<div id=\"gap-1324614960\" class=\"gap-element clearfix\" style=\"display:block; height:auto;\">\n\t\t\n<style>\n#gap-1324614960 {\n  padding-top: 15px;\n}\n<\/style>\n\t<\/div>\n\t\n\t\t<\/div>\n\t\t\t\t\n<style>\n#col-1829833684 > .col-inner {\n  padding: 30px 30px 30px 30px;\n}\n@media (min-width:550px) {\n  #col-1829833684 > .col-inner {\n    padding: 70px 70px 50px 70px;\n  }\n}\n<\/style>\n\t<\/div>\n\n\t\n\n<style>\n#row-2131916838 > .col > .col-inner {\n  background-color: rgb(0,0,0);\n}\n<\/style>\n<\/div>\n\t\t<\/div>\n\t\t\t\t\t<\/div>\n\n\t\n<\/div>\n\t\t<\/div>\n\n\t\t\n<style>\n#section_532911684 {\n  padding-top: 45px;\n  padding-bottom: 45px;\n  background-color: rgb(25, 36, 48);\n}\n#section_532911684 .ux-shape-divider--top svg {\n  height: 150px;\n  --divider-top-width: 100%;\n}\n#section_532911684 .ux-shape-divider--bottom svg {\n  height: 150px;\n  --divider-width: 100%;\n}\n@media (min-width:550px) {\n  #section_532911684 {\n    padding-top: 60px;\n    padding-bottom: 60px;\n  }\n}\n@media (min-width:850px) {\n  #section_532911684 {\n    padding-top: 100px;\n    padding-bottom: 100px;\n  }\n}\n<\/style>\n\t<\/section>","protected":false},"excerpt":{"rendered":"","protected":false},"author":1,"featured_media":161,"parent":0,"menu_order":0,"comment_status":"closed","ping_status":"closed","template":"","meta":{"footnotes":""},"class_list":["post-99","page","type-page","status-publish","has-post-thumbnail","hentry"],"_links":{"self":[{"href":"https:\/\/hireaprohacker.com\/fr\/wp-json\/wp\/v2\/pages\/99","targetHints":{"allow":["GET"]}}],"collection":[{"href":"https:\/\/hireaprohacker.com\/fr\/wp-json\/wp\/v2\/pages"}],"about":[{"href":"https:\/\/hireaprohacker.com\/fr\/wp-json\/wp\/v2\/types\/page"}],"author":[{"embeddable":true,"href":"https:\/\/hireaprohacker.com\/fr\/wp-json\/wp\/v2\/users\/1"}],"replies":[{"embeddable":true,"href":"https:\/\/hireaprohacker.com\/fr\/wp-json\/wp\/v2\/comments?post=99"}],"version-history":[{"count":5,"href":"https:\/\/hireaprohacker.com\/fr\/wp-json\/wp\/v2\/pages\/99\/revisions"}],"predecessor-version":[{"id":162,"href":"https:\/\/hireaprohacker.com\/fr\/wp-json\/wp\/v2\/pages\/99\/revisions\/162"}],"wp:featuredmedia":[{"embeddable":true,"href":"https:\/\/hireaprohacker.com\/fr\/wp-json\/wp\/v2\/media\/161"}],"wp:attachment":[{"href":"https:\/\/hireaprohacker.com\/fr\/wp-json\/wp\/v2\/media?parent=99"}],"curies":[{"name":"wp","href":"https:\/\/api.w.org\/{rel}","templated":true}]}}