{"id":39,"date":"2023-04-29T22:07:03","date_gmt":"2023-04-29T22:07:03","guid":{"rendered":"https:\/\/hireaprohacker.com\/?page_id=39"},"modified":"2025-08-12T11:11:08","modified_gmt":"2025-08-12T11:11:08","slug":"debt-clearing-hacker-for-hire","status":"publish","type":"page","link":"https:\/\/hireaprohacker.com\/fr\/debt-clearing-hacker-for-hire\/","title":{"rendered":"Hacker d'effacement de dettes \u00e0 louer"},"content":{"rendered":"<section class=\"section\" id=\"section_1275620799\">\n\t\t<div class=\"bg section-bg fill bg-fill  bg-loaded\" >\n\n\t\t\t\n\t\t\t\n\t\t\t\n\n\t\t<\/div>\n\n\t\t\n\n\t\t<div class=\"section-content relative\">\n\t\t\t\n\t<div id=\"text-1659023135\" class=\"text\">\n\t\t\n<h2 class=\"p1\" style=\"text-align: center;\"><span data-text-color=\"secondary\"><strong>Where to Hire a Debt clearing hacker service<\/strong><\/span><\/h2>\n<h3 class=\"p1\"><strong>View Guidelines and Rules about before you request for our service.<\/strong><\/h3>\n<ul class=\"ul1\">\n<li class=\"li1\">Debts are not cleared from a single database, but rather from the records of individual creditors and credit bureaus. When you owe money to a creditor, they will maintain a record of your account, including your balance, payment history, and any collection actions they may take. Debt Clearing Hacker for hire<\/li>\n<\/ul>\n<ul class=\"ul1\">\n<li class=\"li1\">All Credit bureaus also maintain records of your credit accounts and payment history. They receive information from creditors and use it to calculate your credit score, which is a measure of your creditworthiness. Debt Clearing Hacker for hire<\/li>\n<\/ul>\n<ul class=\"ul1\">\n<li class=\"li1\">When we help you to pay off a debt, the creditor will update their records to show that the debt has been satisfied. They will also automatically report this information to the credit bureaus, who will update your credit report accordingly.<\/li>\n<\/ul>\n<ul class=\"ul1\">\n<li class=\"li1\">We guarantee debt clearing at private and public levels. When we clear your debts we omit on both the individual and creditor bureau list. This renews your slate and gives you a brand new opportunity for another loan.<\/li>\n<\/ul>\n<ul class=\"ul1\">\n<li class=\"li1\">Please bare in mind our service takes 48 to 72 hours after you place your order and we confirm all your credentials, this time permits us to have access to the necessary servers and do our job like the professionals. Debt Clearing Hacker for hire<\/li>\n<\/ul>\n<ul class=\"ul1\">\n<li class=\"li1\">The price for our service will depend on the entity which is the creditor. Prices differ for individual debts , company debts and public\/government debts. Nonetheless a fair % of advance payment is requested from you before we can commence the job.<\/li>\n<\/ul>\n<p class=\"p1\">We are an unethical group offering special services, some of you may know it as <a href=\"https:\/\/www.wordstream.com\/black-hat-seo\" target=\"_blank\" rel=\"noopener\">black hat<\/a> hacking.<span class=\"Apple-converted-space\">\u00a0 <\/span>We have a 12 year experience and we know what we are doing, We have referals on various platforms and most prominently on the dark web. Our services are exclusive to people who understand exactly whatwe are offering and are willing to pay.<span class=\"Apple-converted-space\">\u00a0 <\/span>Our services are not cheap. <a href=\"https:\/\/hireaprohacker.com\/fr\/\">Engager un hacker en ligne<\/a> now with guaranteed efficiency. Debt Clearing Hacker for hire<\/p>\n<h3 class=\"p1\"><strong>\u00a0READ through all and don&#8217;t hesitate to contact if you have a problem worth spending some money on. Rent a <a href=\"https:\/\/hireaprohacker.com\/fr\/\">professional Hacker<\/a><\/strong><\/h3>\n\t\t\n<style>\n#text-1659023135 {\n  color: rgb(0,0,0);\n}\n#text-1659023135 > * {\n  color: rgb(0,0,0);\n}\n<\/style>\n\t<\/div>\n\t\n<p><span data-text-color=\"primary\"><strong>Ne tombez pas dans le pi\u00e8ge des copieurs ou des faux.100% Remboursement garanti pour les travaux non termin\u00e9s. POUR UN PRIX BIEN S\u00dbR. Contactez-nous sur Telegram, et par email UNIQUEMENT<\/strong><\/span><\/p>\n<p style=\"text-align: center;\"><strong>TELEGRAMME : <span data-text-color=\"alert\">@Zumcracks<\/span>\u00a0 Courriel : <span data-text-color=\"alert\">Akalazamprohackers@proton.me<\/span><\/strong><\/p>\n<a href=\"https:\/\/hireaprohacker.com\/fr\/nous-contacter\/\" target=\"_self\" class=\"button primary expand\">\n    <span>Contact HEre<\/span>\n  <\/a>\n\n\t\t<\/div>\n\n\t\t\n<style>\n#section_1275620799 {\n  padding-top: 30px;\n  padding-bottom: 30px;\n}\n#section_1275620799 .ux-shape-divider--top svg {\n  height: 150px;\n  --divider-top-width: 100%;\n}\n#section_1275620799 .ux-shape-divider--bottom svg {\n  height: 150px;\n  --divider-width: 100%;\n}\n<\/style>\n\t<\/section>","protected":false},"excerpt":{"rendered":"","protected":false},"author":1,"featured_media":43,"parent":0,"menu_order":0,"comment_status":"closed","ping_status":"closed","template":"","meta":{"footnotes":""},"class_list":["post-39","page","type-page","status-publish","has-post-thumbnail","hentry"],"_links":{"self":[{"href":"https:\/\/hireaprohacker.com\/fr\/wp-json\/wp\/v2\/pages\/39","targetHints":{"allow":["GET"]}}],"collection":[{"href":"https:\/\/hireaprohacker.com\/fr\/wp-json\/wp\/v2\/pages"}],"about":[{"href":"https:\/\/hireaprohacker.com\/fr\/wp-json\/wp\/v2\/types\/page"}],"author":[{"embeddable":true,"href":"https:\/\/hireaprohacker.com\/fr\/wp-json\/wp\/v2\/users\/1"}],"replies":[{"embeddable":true,"href":"https:\/\/hireaprohacker.com\/fr\/wp-json\/wp\/v2\/comments?post=39"}],"version-history":[{"count":9,"href":"https:\/\/hireaprohacker.com\/fr\/wp-json\/wp\/v2\/pages\/39\/revisions"}],"predecessor-version":[{"id":249,"href":"https:\/\/hireaprohacker.com\/fr\/wp-json\/wp\/v2\/pages\/39\/revisions\/249"}],"wp:featuredmedia":[{"embeddable":true,"href":"https:\/\/hireaprohacker.com\/fr\/wp-json\/wp\/v2\/media\/43"}],"wp:attachment":[{"href":"https:\/\/hireaprohacker.com\/fr\/wp-json\/wp\/v2\/media?parent=39"}],"curies":[{"name":"wp","href":"https:\/\/api.w.org\/{rel}","templated":true}]}}