{"id":173,"date":"2025-05-15T14:09:50","date_gmt":"2025-05-15T14:09:50","guid":{"rendered":"https:\/\/hireaprohacker.com\/?page_id=173"},"modified":"2025-12-22T12:32:29","modified_gmt":"2025-12-22T12:32:29","slug":"faire-appel-a-un-detective-prive","status":"publish","type":"page","link":"https:\/\/hireaprohacker.com\/fr\/hire-a-private-investigator\/","title":{"rendered":"Enqu\u00eateur priv\u00e9 \u00e0 louer"},"content":{"rendered":"<section class=\"section\" id=\"section_390652242\">\n\t\t<div class=\"bg section-bg fill bg-fill  bg-loaded\" >\n\n\t\t\t\n\t\t\t\n\t\t\t\n\n\t\t<\/div>\n\n\t\t\n\n\t\t<div class=\"section-content relative\">\n\t\t\t\n<h2 style=\"text-align: center;\"><strong>O\u00f9 et comment engager un d\u00e9tective priv\u00e9 ?<\/strong><\/h2>\n<p>Nombreux sont ceux qui s'imaginent que les d\u00e9tectives de la s\u00e9rie Law &amp; Order enqu\u00eatent et r\u00e9solvent des affaires ou des situations myst\u00e9rieuses et qu'ils parviennent \u00e0 rassembler les pi\u00e8ces manquantes du puzzle.<br \/>\nNous disposons d'une \u00e9quipe bien organis\u00e9e de professionnels, de d\u00e9tectives priv\u00e9s bien form\u00e9s pour vous aider \u00e0 r\u00e9soudre tous les myst\u00e8res non r\u00e9solus.<\/p>\n<p>80% de notre \u00e9quipe est compos\u00e9e de personnes ayant une formation militaire et les comp\u00e9tences n\u00e9cessaires pour suivre et rapporter sans laisser de traces.<br \/>\nnos services vont de la recherche de criminels en ligne \u00e0 la recherche de personnes disparues, en passant par la recherche de documents judiciaires, l'enqu\u00eate sur l'infid\u00e9lit\u00e9 d'un conjoint, et bien d'autres services personnalis\u00e9s. Contactez-nous d\u00e8s maintenant pour engager un d\u00e9tective priv\u00e9.<\/p>\n<p>Nous avons en t\u00eate de notre FAQ, \"<a href=\"https:\/\/hireaprohacker.com\/fr\/\"><em>Combien co\u00fbte l'engagement d'un d\u00e9tective priv\u00e9 ?<\/em><\/a>?\" C'est parce qu'ils ne connaissent pas les co\u00fbts que les gens h\u00e9sitent \u00e0 engager un enqu\u00eateur priv\u00e9.<br \/>\nLa r\u00e9ponse \u00e0 cette question est que le co\u00fbt de l'engagement d'un d\u00e9tective priv\u00e9 varie consid\u00e9rablement en fonction de facteurs tels que les services d'enqu\u00eate dont vous avez besoin, le temps consacr\u00e9 \u00e0 l'affaire et d'autres facteurs. Voici quelques d\u00e9tails sur la mani\u00e8re dont les prix sont d\u00e9termin\u00e9s et sur ce que vous pouvez vous attendre \u00e0 payer.<\/p>\n<p>Notre service de d\u00e9tectives priv\u00e9s propose diff\u00e9rents services qui vont du tr\u00e8s simple au tr\u00e8s complexe. La premi\u00e8re \u00e9tape pour engager un d\u00e9tective priv\u00e9 et \u00e9valuer le co\u00fbt est donc de comprendre pourquoi vous avez besoin de nos services. Plus vous serez direct et pr\u00e9cis quant \u00e0 vos besoins, mieux nous pourrons d\u00e9terminer le co\u00fbt r\u00e9el.<\/p>\n<p>Enqu\u00eate <a href=\"https:\/\/www.einvestigator.com\/private-investigator-services\/\" target=\"_blank\" rel=\"noopener\">services<\/a> varient consid\u00e9rablement dans leur complexit\u00e9, tout comme leurs co\u00fbts. Par exemple, la recherche d'une personne disparue peut \u00eatre aussi simple qu'une simple recherche sur Google. Des mois, voire des ann\u00e9es, de recherches en ligne, d'entretiens personnels, de d\u00e9placements dans d'autres pays ou \u00c9tats, etc. peuvent \u00eatre n\u00e9cessaires pour localiser la personne.<\/p>\n<h3>\u00c9l\u00e9ments \u00e0 prendre en compte concernant le co\u00fbt de l'engagement d'un enqu\u00eateur priv\u00e9 :<\/h3>\n<p>Vous trouverez ci-dessous une vue d'ensemble des co\u00fbts li\u00e9s \u00e0 l'engagement d'un enqu\u00eateur priv\u00e9 chez nous. Il est important de comprendre que toutes ces d\u00e9penses ne seront pas incluses dans chaque cas.<\/p>\n<h3><strong>Retenue :<\/strong><\/h3>\n<p>Dans la plupart des cas, nous facturons des frais initiaux appel\u00e9s honoraires. Cet acompte est similaire \u00e0 un d\u00e9p\u00f4t, qui peut \u00eatre utilis\u00e9 pour des travaux ult\u00e9rieurs. Le montant de la provision varie en fonction du d\u00e9lai, de l'urgence et du type d'affaire. Assurez-vous de bien comprendre si une provision est exig\u00e9e et comment l'argent sera utilis\u00e9 pour le travail d'enqu\u00eate \u00e0 venir.<\/p>\n<h3 id=\"h-flat-fee-pricing-vs-hourly-rate-pricing\" class=\"wp-block-heading\"><strong>Tarification forfaitaire et tarification horaire :<\/strong><\/h3>\n<h4 id=\"h-hourly-rates-and-fees\" class=\"wp-block-heading\"><strong>Taux horaires et honoraires ;<\/strong><\/h4>\n<p>Notre \u00e9quipe de d\u00e9tectives priv\u00e9s\u00a0 <strong>facturer un taux horaire<\/strong> pour la surveillance ou l'enqu\u00eate sur un conjoint tromp\u00e9.  Le co\u00fbt total est alors d\u00e9termin\u00e9 par le taux horaire multipli\u00e9 par le nombre d'heures travaill\u00e9es. Les taux horaires sont souvent n\u00e9gociables. Assurez-vous donc que nous nous mettons d'accord sur un prix avant d'envisager de faire appel \u00e0 nos d\u00e9tectives priv\u00e9s pour effectuer le travail.<\/p>\n<p id=\"h-flat-rates-and-fees\" class=\"wp-block-heading\"><strong>Tarifs et frais forfaitaires ;<\/strong><\/p>\n<p>Notre \u00e9quipe de d\u00e9tectives priv\u00e9s propose \u00e9galement un tarif forfaitaire ou un tarif de base. <strong>forfait<\/strong> pour des services tels que la v\u00e9rification des ant\u00e9c\u00e9dents, la localisation de personnes disparues, la recherche de documents judiciaires ou le traitement de la signification. Avec la tarification forfaitaire, le prix total est le m\u00eame, quelles que soient les heures de travail de l'enqu\u00eateur sur le dossier. Nous conseillons toujours \u00e0 nos clients d'opter pour des honoraires forfaitaires lorsqu'ils cherchent \u00e0 engager un d\u00e9tective priv\u00e9.<\/p>\n<p>Par exemple, nous pourrions facturer des frais allant de <strong>$1,000 \u00e0 $5,000<\/strong> pour une enqu\u00eate sur l'infid\u00e9lit\u00e9.<\/p>\n<h3 id=\"h-data-retrieval\" class=\"wp-block-heading\"><strong>Recherche de donn\u00e9es<\/strong><\/h3>\n<p>De nombreux d\u00e9tectives priv\u00e9s peuvent acc\u00e9der \u00e0 des bases de donn\u00e9es en ligne pour effectuer des v\u00e9rifications d'ant\u00e9c\u00e9dents et rechercher des informations sur des personnes. Les agences d'investigation exigent un abonnement ou des frais de recherche pour acc\u00e9der \u00e0 la base de donn\u00e9es et \u00e9tablir des rapports. Si votre affaire implique une recherche dans une base de donn\u00e9es en ligne, vous devrez probablement supporter certains de ces co\u00fbts. Les tarifs de ces rapports varient.<\/p>\n<h3 id=\"h-expenses-and-miscellaneous-fees\" class=\"wp-block-heading\"><strong>D\u00e9penses et frais divers<\/strong><\/h3>\n<p>En fonction de notre accord et des besoins de votre affaire, notre \u00e9quipe de d\u00e9tectives priv\u00e9s peut vous demander de couvrir les d\u00e9penses suppl\u00e9mentaires li\u00e9es \u00e0 l'affaire. Les d\u00e9penses li\u00e9es \u00e0 une enqu\u00eate peuvent comprendre les fournitures, les frais de justice, les frais postaux et les frais de communication (appels t\u00e9l\u00e9phoniques, SMS, etc.).<\/p>\n<p>Ces frais divers ne s'appliquent pas dans les cas o\u00f9 une redevance forfaitaire a \u00e9t\u00e9 convenue lors de l'accord initial.<\/p>\n<h3 id=\"h-investigation-experience-and-expertise\" class=\"wp-block-heading\"><strong>Exp\u00e9rience et expertise en mati\u00e8re d'enqu\u00eate<\/strong><\/h3>\n<p>Le co\u00fbt du recrutement d'un d\u00e9tective priv\u00e9 peut varier consid\u00e9rablement en fonction du niveau d'exp\u00e9rience des d\u00e9tectives priv\u00e9s associ\u00e9s au travail.  Un d\u00e9tective priv\u00e9 ayant une longue carri\u00e8re dans le renseignement militaire ou gouvernemental ou une carri\u00e8re dans les forces de l'ordre sera g\u00e9n\u00e9ralement plus cher qu'une personne d\u00e9butant dans le m\u00e9tier. En th\u00e9orie, ceux qui ont le plus d'exp\u00e9rience ont plus de chances de r\u00e9soudre votre affaire. En outre, ils ont plus de chances de la r\u00e9soudre en moins de temps. La qualit\u00e9 co\u00fbte de l'argent.<\/p>\n<h3 id=\"h-market-differences-may-affect-the-cost-to-hire-a-private-investigator\" class=\"wp-block-heading\"><strong>Les diff\u00e9rences de march\u00e9 peuvent influer sur le co\u00fbt de l'engagement d'un enqu\u00eateur priv\u00e9<\/strong><\/h3>\n<p>Le co\u00fbt du recrutement d'un enqu\u00eateur priv\u00e9 varie en fonction du march\u00e9 ou de la zone g\u00e9ographique desservie. Les prix ont tendance \u00e0 \u00eatre plus \u00e9lev\u00e9s dans les zones m\u00e9tropolitaines en raison de facteurs tels que la licence, l'assurance, le transport, l'espace de bureau, etc. Vous devez vous attendre \u00e0 payer plus cher pour un d\u00e9tective priv\u00e9 sur les march\u00e9s o\u00f9 le co\u00fbt de la vie est \u00e9lev\u00e9, comme New York, ou pour les emplois \u00e0 l'\u00e9tranger.<\/p>\n<h3 id=\"h-travel-expenses\" class=\"wp-block-heading\"><strong>Frais de voyage<\/strong><\/h3>\n<p>Si des d\u00e9placements sont n\u00e9cessaires au cours de l'affaire, notre \u00e9quipe vous remboursera ces frais. En fonction de l'\u00e9volution de l'affaire, les enqu\u00eateurs peuvent se d\u00e9placer dans la r\u00e9gion, dans d'autres \u00c9tats, voire \u00e0 l'\u00e9tranger. Voici quelques exemples de frais de d\u00e9placement :<\/p>\n<ul class=\"wp-block-list\">\n<li>Frais de kilom\u00e9trage, d'essence et de stationnement<\/li>\n<li>Billets d'avion, de bus, de train, de bateau, etc.<\/li>\n<li>D\u00e9penses d'h\u00e9bergement pour les chambres d'h\u00f4tel<\/li>\n<li>Le co\u00fbt d'un t\u00e9l\u00e9phone portable ou d'autres frais li\u00e9s \u00e0 la communication<\/li>\n<\/ul>\n<p>Les frais de voyage peuvent s'accumuler rapidement. Veillez donc \u00e0 bien comprendre ce que vous allez payer.<\/p>\n<h3 id=\"h-other-factors-that-may-affect-price\" class=\"wp-block-heading\"><strong>Autres facteurs susceptibles d'influencer le prix<\/strong><\/h3>\n<p>D'autres facteurs peuvent influer sur le prix : le nombre d'enqu\u00eateurs affect\u00e9s \u00e0 l'affaire, le risque encouru, la n\u00e9cessit\u00e9 d'un \u00e9quipement sp\u00e9cialis\u00e9, etc.<\/p>\n<h3 id=\"h-how-to-pay\" class=\"wp-block-heading\"><strong>Comment payer<\/strong><\/h3>\n<p>Une autre question fr\u00e9quente est de savoir comment payer les services d'un oeil priv\u00e9. Notre agence accepte les paiements par\u00a0 <strong>CRYPTO-MONNAIES UNIQUEMENT<\/strong> bien s\u00fbr,<\/p>\n<p>Les conditions varient en fonction du travail \u00e0 effectuer. Nous pouvons toujours mettre en place des plans de paiement et nous sommes flexibles avec nos clients. N'h\u00e9sitez pas \u00e0 vous renseigner sur les modalit\u00e9s de paiement avant d'engager un d\u00e9tective priv\u00e9.<\/p>\n<h3 id=\"h-hire-a-private-investigator\" class=\"wp-block-heading\"><strong>Engager un d\u00e9tective priv\u00e9 en ligne<\/strong><\/h3>\n<p><span data-text-color=\"primary\"><strong>Ne tombez pas dans le pi\u00e8ge des copieurs ou des faux.100% Remboursement garanti pour les travaux non termin\u00e9s. POUR UN PRIX BIEN S\u00dbR. Contactez-nous sur Telegram, et par email UNIQUEMENT<\/strong><\/span><\/p>\n<p style=\"text-align: center;\"><strong>TELEGRAMME : <span data-text-color=\"alert\">@Zumcracks<\/span>\u00a0Courriel : <span data-text-color=\"alert\">Akalazamprohackers@proton.me<\/span><\/strong><\/p>\n<a href=\"https:\/\/hireaprohacker.com\/fr\/nous-contacter\/\" target=\"_self\" class=\"button primary is-large expand\">\n    <span>Contact ici<\/span>\n  <\/a>\n\n\t\t<\/div>\n\n\t\t\n<style>\n#section_390652242 {\n  padding-top: 30px;\n  padding-bottom: 30px;\n}\n#section_390652242 .ux-shape-divider--top svg {\n  height: 150px;\n  --divider-top-width: 100%;\n}\n#section_390652242 .ux-shape-divider--bottom svg {\n  height: 150px;\n  --divider-width: 100%;\n}\n<\/style>\n\t<\/section>","protected":false},"excerpt":{"rendered":"","protected":false},"author":1,"featured_media":174,"parent":0,"menu_order":0,"comment_status":"closed","ping_status":"closed","template":"","meta":{"footnotes":""},"class_list":["post-173","page","type-page","status-publish","has-post-thumbnail","hentry"],"_links":{"self":[{"href":"https:\/\/hireaprohacker.com\/fr\/wp-json\/wp\/v2\/pages\/173","targetHints":{"allow":["GET"]}}],"collection":[{"href":"https:\/\/hireaprohacker.com\/fr\/wp-json\/wp\/v2\/pages"}],"about":[{"href":"https:\/\/hireaprohacker.com\/fr\/wp-json\/wp\/v2\/types\/page"}],"author":[{"embeddable":true,"href":"https:\/\/hireaprohacker.com\/fr\/wp-json\/wp\/v2\/users\/1"}],"replies":[{"embeddable":true,"href":"https:\/\/hireaprohacker.com\/fr\/wp-json\/wp\/v2\/comments?post=173"}],"version-history":[{"count":4,"href":"https:\/\/hireaprohacker.com\/fr\/wp-json\/wp\/v2\/pages\/173\/revisions"}],"predecessor-version":[{"id":264,"href":"https:\/\/hireaprohacker.com\/fr\/wp-json\/wp\/v2\/pages\/173\/revisions\/264"}],"wp:featuredmedia":[{"embeddable":true,"href":"https:\/\/hireaprohacker.com\/fr\/wp-json\/wp\/v2\/media\/174"}],"wp:attachment":[{"href":"https:\/\/hireaprohacker.com\/fr\/wp-json\/wp\/v2\/media?parent=173"}],"curies":[{"name":"wp","href":"https:\/\/api.w.org\/{rel}","templated":true}]}}