{"id":103,"date":"2023-06-13T02:23:36","date_gmt":"2023-06-13T02:23:36","guid":{"rendered":"https:\/\/hireaprohacker.com\/?page_id=103"},"modified":"2024-12-22T20:01:19","modified_gmt":"2024-12-22T20:01:19","slug":"hire-a-hacker-for-cell-phone","status":"publish","type":"page","link":"https:\/\/hireaprohacker.com\/fr\/hire-a-hacker-for-cell-phone\/","title":{"rendered":"Services"},"content":{"rendered":"<h2><strong>Hire a hacker for cell phone<\/strong><\/h2>\n<h3 style=\"text-align: center;\"><span data-text-color=\"primary\"><strong>Piratage de tous les comptes de m\u00e9dias sociaux<\/strong><\/span><\/h3>\n<p><strong>Rent a hacker to provide access to all social media account such as telegram, facebook, instagram, snapchat, Email. Our software and spy tools enables our clients to have full access to the accounts which are irreversible. Social media account hacker for rent.<\/strong><\/p>\n<h3 style=\"text-align: center;\"><span data-text-color=\"primary\"><strong>Espionnage d'un partenaire infid\u00e8le<\/strong><\/span><\/h3>\n<p class=\"p1\"><strong>Nous vous aidons \u00e0 acc\u00e9der aux conversations de votre partenaire en temps r\u00e9el sans qu'il le sache. Engagez un hacker professionnel et tout ce que vous avez \u00e0 faire est de vous asseoir et de vous d\u00e9tendre pendant que vous voyez la magie op\u00e9rer. <span class=\"selectable-text copyable-text\">Hire a Hacker To Catch A Cheating Spouse, Boyfriend or Girlfriend.Hire a hacker for cell phone<\/span><\/strong><\/p>\n<h3 style=\"text-align: center;\"><span data-text-color=\"primary\"><strong>R\u00e9cup\u00e9rer des bitcoins perdus<\/strong><\/span><\/h3>\n<p><strong>Recovery of lost or stolen crypto can be very difficult, There are several elements which have to be taken into consideration such as the type of wallet, duration of the lost and security. We always urge our clients involved in crypto loss to get into contact with us fast so that we can trace the receiving wallet and proceed with freezing the assets first before being able to ID and retrieve. <a href=\"https:\/\/medium.com\/tag\/hackers-and-education\" target=\"_blank\" rel=\"noopener\">Crypto recovery<\/a> expert online. Hire a hacker for cell phone<\/strong><\/p>\n<h3 style=\"text-align: center;\"><span data-text-color=\"primary\"><strong>R\u00e9cup\u00e9ration\/alt\u00e9ration des donn\u00e9es<\/strong><\/span><\/h3>\n<p class=\"p1\"><strong>La r\u00e9cup\u00e9ration des donn\u00e9es est le processus de restauration des donn\u00e9es qui ont \u00e9t\u00e9 perdues, endommag\u00e9es ou supprim\u00e9es accidentellement. Le processus sp\u00e9cifique de r\u00e9cup\u00e9ration des donn\u00e9es d\u00e9pend de la cause et de l'\u00e9tendue de la perte de donn\u00e9es, ainsi que du type d'appareil et de support de stockage concern\u00e9. Engager un expert en r\u00e9cup\u00e9ration de donn\u00e9es<\/strong><\/p>\n<h3 style=\"text-align: center;\"><span data-text-color=\"primary\"><strong>la mise \u00e0 niveau des notes et l'acc\u00e8s \u00e0 la base de donn\u00e9es des examens\u00a0<\/strong><\/span><\/h3>\n<p><strong>This service range from upgrading student grades, access to school and exam board data base for leaked questions, Provision of authentic questions for most international exams in the departments of nursing, medicine, language and several others. <a href=\"https:\/\/hireaprohacker.com\/fr\/\">Hire a hacker<\/a> to improve exam grades and leaked RN questions. Hire a hacker for cell phone<\/strong><\/p>\n<h3 style=\"text-align: center;\"><span data-text-color=\"primary\"><strong>Apurement\/paiement d'une hypoth\u00e8que\/d'un pr\u00eat<\/strong><\/span><\/h3>\n<p><strong>Ce service est syst\u00e9matique afin d'\u00e9viter tout soup\u00e7on et tout drapeau rouge. Tous les pr\u00eats et hypoth\u00e8ques ne peuvent pas \u00eatre effac\u00e9s instantan\u00e9ment. Le temps de travail peut varier de quelques semaines \u00e0 plusieurs mois en fonction du montant \u00e0 liquider et du pays. Nous proc\u00e9dons \u00e0 l'effacement du dossier du cr\u00e9ancier et du bureau d'enregistrement. Engager un hacker professionnel pour nettoyer le dossier est garanti avec nos hackers de remboursement de pr\u00eat\/hypoth\u00e8que.\u00a0<\/strong><\/p>\n<h3 style=\"text-align: center;\"><span data-text-color=\"primary\"><strong>Augmentation de la cote de cr\u00e9dit<\/strong><\/span><\/h3>\n<p><strong>Are you unable to get approval from the bank or any other creditors due to your credit score? Our team of certified hackers are here to help improve your credit score with all old traces erased. <a href=\"https:\/\/hireaprohacker.com\/fr\/\">Click<\/a> to hire a hacker to increase credit score. Hire a hacker for cell phone<\/strong><\/p>\n<h3 style=\"text-align: center;\"><span data-text-color=\"primary\"><strong>Suivi de la localisation<\/strong><\/span><\/h3>\n<p><strong>Localiser quelqu'un peut \u00eatre une t\u00e2che difficile, mais avec les bonnes connaissances, cela peut se faire en quelques minutes. Nous pouvons vous aider \u00e0 localiser n'importe qui dans le monde \u00e0 partir d'un appareil \u00e9lectronique, d'un num\u00e9ro de t\u00e9l\u00e9phone, d'un email ou d'un compte de m\u00e9dia social. Trouver un hacker \u00e0 embaucher\u00a0<\/strong><\/p>\n<p><span data-text-color=\"primary\"><strong>Ne tombez pas dans le pi\u00e8ge des copieurs ou des faux.100% Remboursement garanti pour les travaux non termin\u00e9s. POUR UN PRIX BIEN S\u00dbR. Contactez-nous sur Telegram, et par email UNIQUEMENT<\/strong><\/span><\/p>\n<p style=\"text-align: center;\"><strong>TELEGRAMME : <span data-text-color=\"alert\">@Zumcracks<\/span>\u00a0 Courriel : <span data-text-color=\"alert\">Akalazamprohackers@proton.me<\/span><\/strong><\/p>\n<a href=\"https:\/\/hireaprohacker.com\/fr\/nous-contacter\/\" target=\"_self\" class=\"button primary expand\">\n    <span>CONTACT HERE<\/span>\n  <\/a>","protected":false},"excerpt":{"rendered":"<p>Hire a hacker for cell phone Hacking of all social media accounts Rent a hacker to provide access to all social media account such as telegram, facebook, instagram, snapchat, Email. Our software and spy tools enables our clients to have full access to the accounts which are irreversible. Social media account hacker for rent. Spying [&#8230;]\n","protected":false},"author":1,"featured_media":12,"parent":0,"menu_order":0,"comment_status":"closed","ping_status":"closed","template":"","meta":{"footnotes":""},"class_list":["post-103","page","type-page","status-publish","has-post-thumbnail","hentry"],"_links":{"self":[{"href":"https:\/\/hireaprohacker.com\/fr\/wp-json\/wp\/v2\/pages\/103","targetHints":{"allow":["GET"]}}],"collection":[{"href":"https:\/\/hireaprohacker.com\/fr\/wp-json\/wp\/v2\/pages"}],"about":[{"href":"https:\/\/hireaprohacker.com\/fr\/wp-json\/wp\/v2\/types\/page"}],"author":[{"embeddable":true,"href":"https:\/\/hireaprohacker.com\/fr\/wp-json\/wp\/v2\/users\/1"}],"replies":[{"embeddable":true,"href":"https:\/\/hireaprohacker.com\/fr\/wp-json\/wp\/v2\/comments?post=103"}],"version-history":[{"count":4,"href":"https:\/\/hireaprohacker.com\/fr\/wp-json\/wp\/v2\/pages\/103\/revisions"}],"predecessor-version":[{"id":157,"href":"https:\/\/hireaprohacker.com\/fr\/wp-json\/wp\/v2\/pages\/103\/revisions\/157"}],"wp:featuredmedia":[{"embeddable":true,"href":"https:\/\/hireaprohacker.com\/fr\/wp-json\/wp\/v2\/media\/12"}],"wp:attachment":[{"href":"https:\/\/hireaprohacker.com\/fr\/wp-json\/wp\/v2\/media?parent=103"}],"curies":[{"name":"wp","href":"https:\/\/api.w.org\/{rel}","templated":true}]}}