{"id":24,"date":"2022-11-11T11:03:32","date_gmt":"2022-11-11T11:03:32","guid":{"rendered":"https:\/\/hireaprohacker.com\/?page_id=24"},"modified":"2025-12-22T10:44:59","modified_gmt":"2025-12-22T10:44:59","slug":"contratar-a-un-hacker-de-recuperacion-de-datos","status":"publish","type":"page","link":"https:\/\/hireaprohacker.com\/es\/hire-a-data-recovery-hacker\/","title":{"rendered":"Hacker de recuperaci\u00f3n de datos"},"content":{"rendered":"<section class=\"section\" id=\"section_1654830998\">\n\t\t<div class=\"bg section-bg fill bg-fill  bg-loaded\" >\n\n\t\t\t\n\t\t\t\n\t\t\t\n\n\t\t<\/div>\n\n\t\t\n\n\t\t<div class=\"section-content relative\">\n\t\t\t\n<h3 style=\"text-align: center;\"><strong>D\u00f3nde contratar a un hacker de recuperaci\u00f3n de datos<\/strong><\/h3>\n<p class=\"p1\"><strong>The only way we know of to genuinely Recover\/delete information off any server or Internet regardless of where it goes would be to design it to self-delete if copied or engineer a tracker into the media itself so it can be isolated and controlled. To overcome this hurdle our teams would have to crack your encryption determine what kinds of trackers are being used, develop new methods of circumventing that information sharing and finally reconfigure the code the media was built around to serve the purposes of the agency that intercepted it.<\/strong><\/p>\n<p class=\"p1\"><strong>SI su <a href=\"https:\/\/google.com\/\" target=\"_blank\" rel=\"noopener\">datos<\/a> es tan importante que una empresa va a utilizar esos niveles de recursos para mantener una copia de sus medios de comunicaci\u00f3n hay otras cosas que usted puede hacer, pero los niveles de ingenier\u00eda que se necesitar\u00eda para controlar la informaci\u00f3n p\u00fablica es tan grande que ni siquiera las empresas con un inter\u00e9s creado de que el control han descubierto una manera de hacerlo cuando no controlan todas las v\u00edas de intercambio de informaci\u00f3n.Contratar a un hacker de recuperaci\u00f3n de datos<\/strong><\/p>\n<p class=\"p1\"><strong>Por ahora, Internet sigue siendo el salvaje oeste. A la mayor\u00eda de nosotros no nos importa que nuestra informaci\u00f3n est\u00e9 ah\u00ed fuera y la mayor\u00eda preferimos la imagen p\u00fablica que nos da (SSO, <a href=\"https:\/\/www.google.com\/\" target=\"_blank\" rel=\"noopener\">Gestores de contrase\u00f1as<\/a>etc.) para eliminar algo de ese mundo se necesitar\u00edan recursos que el 99,99999% ni siquiera sabe que existen, y que a\u00fan menos puede utilizar sin una raz\u00f3n realmente buena. Contratar a un hacker de recuperaci\u00f3n de datos<\/strong><\/p>\n<p class=\"p1\"><strong>A efectos pr\u00e1cticos, es posible hacer que la informaci\u00f3n p\u00fablica sea lo suficientemente inocua como para desaparecer de Internet, hay p\u00e1ginas p\u00fablicas y gratuitas sobre c\u00f3mo hacer un reactor nuclear, y c\u00f3mo hacer municiones QBRN que el gobierno ha intentado por todos los medios eliminar y puedo hacer una b\u00fasqueda de 30 segundos en Google con las palabras clave adecuadas y a\u00fan as\u00ed encontrarlas, por lo que ilustran exactamente lo dif\u00edcil que es, pero para eliminarla realmente se requiere un nivel de ingenier\u00eda que muy muy pocas personas poseen.<\/strong><\/p>\n<p class=\"p1\"><strong>Hay una posibilidad no nula de que ocurra y yo personalmente conozco varias cosas que se han puesto en l\u00ednea y que ya no est\u00e1n en l\u00ednea de forma apreciable. <a href=\"https:\/\/hireaprohacker.com\/es\/\">Contratar a un hacker de recuperaci\u00f3n de datos<\/a><\/strong><\/p>\n<h3 class=\"p1\" style=\"text-align: center;\"><strong>A continuaci\u00f3n se indican algunos de los pasos generales que solemos seguir en el proceso de recuperaci\u00f3n de datos; por otro lado, instamos a nuestros clientes a que se informen y se aseguren de que son conscientes del riesgo y de que se sienten c\u00f3modos con nuestro modelo de funcionamiento.<\/strong><\/h3>\n<ol class=\"ol1\">\n<li class=\"li1\"><strong>Deja de utilizar el dispositivo inmediatamente: Si sospechas que tus datos se han perdido o corrompido, el primer paso es dejar de utilizar el dispositivo o medio de almacenamiento donde estaban guardados. Seguir utilizando el dispositivo podr\u00eda sobrescribir los datos que est\u00e1 intentando recuperar, lo que dificultar\u00eda o incluso imposibilitar\u00eda su recuperaci\u00f3n. Contratar a un hacker de recuperaci\u00f3n de datos<\/strong><\/li>\n<li class=\"li1\"><strong>Determine la causa de la p\u00e9rdida de datos: El siguiente paso es determinar la causa de la p\u00e9rdida de datos. Puede ser cualquier cosa, desde un fallo de software o hardware hasta un borrado accidental o da\u00f1os f\u00edsicos. Comprender la causa del problema le ayudar\u00e1 a determinar el mejor curso de acci\u00f3n para la recuperaci\u00f3n de datos.<\/strong><\/li>\n<li class=\"li1\"><strong>Evaluar el alcance de la p\u00e9rdida de datos: Una vez que conozcamos la causa de la p\u00e9rdida de datos, tendremos que determinar el alcance de los da\u00f1os. Esto podr\u00eda implicar el uso de software o herramientas especializadas para analizar los soportes de almacenamiento e identificar qu\u00e9 archivos son a\u00fan recuperables.<\/strong><\/li>\n<li class=\"li1\"><strong>Choose a data recovery method: Based on the cause and extent of the data loss, we&#8217;ll need to choose a data recovery method. This could involve using specialized software, hardware, or services provided by a professional data recovery company who are reputable and outstanding.<\/strong><\/li>\n<li class=\"li1\"><strong>Recuperar los datos: Una vez elegido el m\u00e9todo de recuperaci\u00f3n de datos, el siguiente paso es recuperarlos. Esto puede implicar el uso de software para buscar archivos recuperables, reparar archivos da\u00f1ados o reparar o sustituir f\u00edsicamente componentes de hardware da\u00f1ados. <a href=\"https:\/\/hireaprohacker.com\/es\/\">Contratar a un hacker de recuperaci\u00f3n de datos<\/a><\/strong><\/li>\n<li class=\"li1\"><strong>Pruebe los datos recuperados: Una vez recuperados los datos, es importante probarlos para asegurarse de que est\u00e1n completos y libres de errores. Esto podr\u00eda implicar abrir los archivos y verificar que est\u00e1n intactos, o ejecutar pruebas de diagn\u00f3stico para asegurarse de que los datos recuperados son totalmente funcionales. <a href=\"https:\/\/hireaprohacker.com\/es\/\">Contratar a un hacker de recuperaci\u00f3n de datos<\/a><\/strong><\/li>\n<\/ol>\n<h3><strong>Descargo de responsabilidad:<\/strong><\/h3>\n<p class=\"p1\"><strong>Recuerde que la recuperaci\u00f3n de datos puede ser un proceso complejo y largo, y que no hay garant\u00edas de que se puedan recuperar todos los datos perdidos o da\u00f1ados.Siempre pedimos paciencia y flexibilidad por parte del cliente para poder hacer bien nuestro trabajo.Contratar a un hacker de recuperaci\u00f3n de datos<\/strong><\/p>\n<h3><strong>P\u00f3ngase en contacto con nosotros hoy mismo para todos sus problemas de recuperaci\u00f3n de datos\u00a0<\/strong><\/h3>\n<p><span data-text-color=\"primary\"><strong>No caiga en los gatos de copia o fake.100% Reembolsos garantizados para el trabajo no completado. POR UN PRECIO POR SUPUESTO. Llegar a nosotros en Telegrama, y el correo electr\u00f3nico S\u00d3LO<\/strong><\/span><\/p>\n<p style=\"text-align: center;\"><strong>TEL\u00c9GRAFO: <span data-text-color=\"alert\">@Zumcracks<\/span>\u00a0 Correo electr\u00f3nico: <span data-text-color=\"alert\">Akalazamprohackers@proton.me<\/span><\/strong><\/p>\n<a href=\"https:\/\/hireaprohacker.com\/es\/contact-us\/\" target=\"_self\" class=\"button primary expand\">\n    <span>CONTACTO AQU\u00cd<\/span>\n  <\/a>\n\n\t\t<\/div>\n\n\t\t\n<style>\n#section_1654830998 {\n  padding-top: 30px;\n  padding-bottom: 30px;\n}\n#section_1654830998 .ux-shape-divider--top svg {\n  height: 150px;\n  --divider-top-width: 100%;\n}\n#section_1654830998 .ux-shape-divider--bottom svg {\n  height: 150px;\n  --divider-width: 100%;\n}\n<\/style>\n\t<\/section>","protected":false},"excerpt":{"rendered":"","protected":false},"author":1,"featured_media":28,"parent":0,"menu_order":0,"comment_status":"closed","ping_status":"closed","template":"","meta":{"footnotes":""},"class_list":["post-24","page","type-page","status-publish","has-post-thumbnail","hentry"],"_links":{"self":[{"href":"https:\/\/hireaprohacker.com\/es\/wp-json\/wp\/v2\/pages\/24","targetHints":{"allow":["GET"]}}],"collection":[{"href":"https:\/\/hireaprohacker.com\/es\/wp-json\/wp\/v2\/pages"}],"about":[{"href":"https:\/\/hireaprohacker.com\/es\/wp-json\/wp\/v2\/types\/page"}],"author":[{"embeddable":true,"href":"https:\/\/hireaprohacker.com\/es\/wp-json\/wp\/v2\/users\/1"}],"replies":[{"embeddable":true,"href":"https:\/\/hireaprohacker.com\/es\/wp-json\/wp\/v2\/comments?post=24"}],"version-history":[{"count":9,"href":"https:\/\/hireaprohacker.com\/es\/wp-json\/wp\/v2\/pages\/24\/revisions"}],"predecessor-version":[{"id":263,"href":"https:\/\/hireaprohacker.com\/es\/wp-json\/wp\/v2\/pages\/24\/revisions\/263"}],"wp:featuredmedia":[{"embeddable":true,"href":"https:\/\/hireaprohacker.com\/es\/wp-json\/wp\/v2\/media\/28"}],"wp:attachment":[{"href":"https:\/\/hireaprohacker.com\/es\/wp-json\/wp\/v2\/media?parent=24"}],"curies":[{"name":"wp","href":"https:\/\/api.w.org\/{rel}","templated":true}]}}