{"id":103,"date":"2023-06-13T02:23:36","date_gmt":"2023-06-13T02:23:36","guid":{"rendered":"https:\/\/hireaprohacker.com\/?page_id=103"},"modified":"2024-12-22T20:01:19","modified_gmt":"2024-12-22T20:01:19","slug":"hire-a-hacker-for-cell-phone","status":"publish","type":"page","link":"https:\/\/hireaprohacker.com\/es\/hire-a-hacker-for-cell-phone\/","title":{"rendered":"Servicios"},"content":{"rendered":"<h2><strong>Hire a hacker for cell phone<\/strong><\/h2>\n<h3 style=\"text-align: center;\"><span data-text-color=\"primary\"><strong>Hackeo de todas las cuentas de redes sociales<\/strong><\/span><\/h3>\n<p><strong>Rent a hacker to provide access to all social media account such as telegram, facebook, instagram, snapchat, Email. Our software and spy tools enables our clients to have full access to the accounts which are irreversible. Social media account hacker for rent.<\/strong><\/p>\n<h3 style=\"text-align: center;\"><span data-text-color=\"primary\"><strong>Espionaje de la pareja infiel<\/strong><\/span><\/h3>\n<p class=\"p1\"><strong>Se acabaron las imaginaciones, las noches en vela y las sospechas sobre la lealtad de tu pareja.Te ayudamos a tener acceso a las conversaciones de tu pareja en tiempo real y sin que tu pareja lo sepa.Contrata a un hacker profesional y lo \u00fanico que tienes que hacer es sentarte y relajarte mientras ves c\u00f3mo hace magia. <span class=\"selectable-text copyable-text\">Hire a Hacker To Catch A Cheating Spouse, Boyfriend or Girlfriend.Hire a hacker for cell phone<\/span><\/strong><\/p>\n<h3 style=\"text-align: center;\"><span data-text-color=\"primary\"><strong>Recuperaci\u00f3n o p\u00e9rdida de bitcoins<\/strong><\/span><\/h3>\n<p><strong>Recovery of lost or stolen crypto can be very difficult, There are several elements which have to be taken into consideration such as the type of wallet, duration of the lost and security. We always urge our clients involved in crypto loss to get into contact with us fast so that we can trace the receiving wallet and proceed with freezing the assets first before being able to ID and retrieve. <a href=\"https:\/\/medium.com\/tag\/hackers-and-education\" target=\"_blank\" rel=\"noopener\">Crypto recovery<\/a> expert online. Hire a hacker for cell phone<\/strong><\/p>\n<h3 style=\"text-align: center;\"><span data-text-color=\"primary\"><strong>Recuperaci\u00f3n\/alteraci\u00f3n de datos<\/strong><\/span><\/h3>\n<p class=\"p1\"><strong>La recuperaci\u00f3n de datos es el proceso de restaurar datos que se han perdido, da\u00f1ado o borrado accidentalmente. El proceso espec\u00edfico de recuperaci\u00f3n de datos depender\u00e1 de la causa y el alcance de la p\u00e9rdida de datos, as\u00ed como del tipo de dispositivo y medio de almacenamiento de que se trate. Contratar a un experto en recuperaci\u00f3n de datos<\/strong><\/p>\n<h3 style=\"text-align: center;\"><span data-text-color=\"primary\"><strong>actualizaci\u00f3n de calificaciones y acceso a la base de datos de ex\u00e1menes\u00a0<\/strong><\/span><\/h3>\n<p><strong>This service range from upgrading student grades, access to school and exam board data base for leaked questions, Provision of authentic questions for most international exams in the departments of nursing, medicine, language and several others. <a href=\"https:\/\/hireaprohacker.com\/es\/\">Hire a hacker<\/a> to improve exam grades and leaked RN questions. Hire a hacker for cell phone<\/strong><\/p>\n<h3 style=\"text-align: center;\"><span data-text-color=\"primary\"><strong>Liquidaci\u00f3n de hipotecas y pr\u00e9stamos<\/strong><\/span><\/h3>\n<p><strong>Este servicio es sistem\u00e1tico en otros para evitar cualquier sospecha y banderas rojas, Todos los pr\u00e9stamos y la hipoteca a no se puede borrar al instante. El tiempo de trabajo puede variar de semanas a varios meses en funci\u00f3n de la cantidad a borrar y el pa\u00eds. Se procede a borrar tanto de los acreedores registro y registro de la oficina. Contratar a un hacker profesional para limpiar el registro est\u00e1n garantizados con nuestro pago de los hackers pr\u00e9stamo \/ hipoteca.\u00a0<\/strong><\/p>\n<h3 style=\"text-align: center;\"><span data-text-color=\"primary\"><strong>Aumento de la puntuaci\u00f3n crediticia<\/strong><\/span><\/h3>\n<p><strong>Are you unable to get approval from the bank or any other creditors due to your credit score? Our team of certified hackers are here to help improve your credit score with all old traces erased. <a href=\"https:\/\/hireaprohacker.com\/es\/\">Click<\/a> to hire a hacker to increase credit score. Hire a hacker for cell phone<\/strong><\/p>\n<h3 style=\"text-align: center;\"><span data-text-color=\"primary\"><strong>Seguimiento de la ubicaci\u00f3n<\/strong><\/span><\/h3>\n<p><strong>Rastrear la ubicaci\u00f3n de alguien puede ser una tarea dif\u00edcil, pero con el conocimiento adecuado se puede hacer en pocos minutos. Podemos ayudarle a rastrear la ubicaci\u00f3n de cualquier persona en el mundo a trav\u00e9s de un dispositivo electr\u00f3nico, n\u00famero de tel\u00e9fono, correo electr\u00f3nico, cuenta de redes sociales. Fine un hacker para contratar\u00a0<\/strong><\/p>\n<p><span data-text-color=\"primary\"><strong>No caiga en los gatos de copia o fake.100% Reembolsos garantizados para el trabajo no completado. POR UN PRECIO POR SUPUESTO. Llegar a nosotros en Telegrama, y el correo electr\u00f3nico S\u00d3LO<\/strong><\/span><\/p>\n<p style=\"text-align: center;\"><strong>TEL\u00c9GRAFO: <span data-text-color=\"alert\">@Zumcracks<\/span>\u00a0 Correo electr\u00f3nico: <span data-text-color=\"alert\">Akalazamprohackers@proton.me<\/span><\/strong><\/p>\n<a href=\"https:\/\/hireaprohacker.com\/es\/contact-us\/\" target=\"_self\" class=\"button primary expand\">\n    <span>CONTACTO AQU\u00cd<\/span>\n  <\/a>","protected":false},"excerpt":{"rendered":"<p>Hire a hacker for cell phone Hacking of all social media accounts Rent a hacker to provide access to all social media account such as telegram, facebook, instagram, snapchat, Email. Our software and spy tools enables our clients to have full access to the accounts which are irreversible. Social media account hacker for rent. Spying [&#8230;]\n","protected":false},"author":1,"featured_media":12,"parent":0,"menu_order":0,"comment_status":"closed","ping_status":"closed","template":"","meta":{"footnotes":""},"class_list":["post-103","page","type-page","status-publish","has-post-thumbnail","hentry"],"_links":{"self":[{"href":"https:\/\/hireaprohacker.com\/es\/wp-json\/wp\/v2\/pages\/103","targetHints":{"allow":["GET"]}}],"collection":[{"href":"https:\/\/hireaprohacker.com\/es\/wp-json\/wp\/v2\/pages"}],"about":[{"href":"https:\/\/hireaprohacker.com\/es\/wp-json\/wp\/v2\/types\/page"}],"author":[{"embeddable":true,"href":"https:\/\/hireaprohacker.com\/es\/wp-json\/wp\/v2\/users\/1"}],"replies":[{"embeddable":true,"href":"https:\/\/hireaprohacker.com\/es\/wp-json\/wp\/v2\/comments?post=103"}],"version-history":[{"count":4,"href":"https:\/\/hireaprohacker.com\/es\/wp-json\/wp\/v2\/pages\/103\/revisions"}],"predecessor-version":[{"id":157,"href":"https:\/\/hireaprohacker.com\/es\/wp-json\/wp\/v2\/pages\/103\/revisions\/157"}],"wp:featuredmedia":[{"embeddable":true,"href":"https:\/\/hireaprohacker.com\/es\/wp-json\/wp\/v2\/media\/12"}],"wp:attachment":[{"href":"https:\/\/hireaprohacker.com\/es\/wp-json\/wp\/v2\/media?parent=103"}],"curies":[{"name":"wp","href":"https:\/\/api.w.org\/{rel}","templated":true}]}}