{"id":39,"date":"2023-04-29T22:07:03","date_gmt":"2023-04-29T22:07:03","guid":{"rendered":"https:\/\/hireaprohacker.com\/?page_id=39"},"modified":"2025-08-12T11:11:08","modified_gmt":"2025-08-12T11:11:08","slug":"schuldenbereinigung-hacker-fur-miete","status":"publish","type":"page","link":"https:\/\/hireaprohacker.com\/de\/debt-clearing-hacker-for-hire\/","title":{"rendered":"Schuldentilgung Hacker zu mieten"},"content":{"rendered":"<section class=\"section\" id=\"section_1817930914\">\n\t\t<div class=\"bg section-bg fill bg-fill  bg-loaded\" >\n\n\t\t\t\n\t\t\t\n\t\t\t\n\n\t\t<\/div>\n\n\t\t\n\n\t\t<div class=\"section-content relative\">\n\t\t\t\n\t<div id=\"text-1190043256\" class=\"text\">\n\t\t\n<h2 class=\"p1\" style=\"text-align: center;\"><span data-text-color=\"secondary\"><strong>Wo man einen Schuldenbereinigungsdienst anheuert<\/strong><\/span><\/h2>\n<h3 class=\"p1\"><strong>Sehen Sie sich die Richtlinien und Regeln an, bevor Sie unseren Dienst anfordern.<\/strong><\/h3>\n<ul class=\"ul1\">\n<li class=\"li1\">Schulden werden nicht aus einer einzigen Datenbank gel\u00f6scht, sondern aus den Aufzeichnungen der einzelnen Gl\u00e4ubiger und Kreditb\u00fcros. Wenn Sie einem Gl\u00e4ubiger Geld schulden, f\u00fchrt dieser Aufzeichnungen \u00fcber Ihr Konto, einschlie\u00dflich Ihres Saldos, Ihres Zahlungsverhaltens und etwaiger Inkassoma\u00dfnahmen, die er ergreifen kann. Debt Clearing Hacker zum Mieten<\/li>\n<\/ul>\n<ul class=\"ul1\">\n<li class=\"li1\">Alle Kreditb\u00fcros f\u00fchren auch Aufzeichnungen \u00fcber Ihre Kreditkonten und Ihr Zahlungsverhalten. Sie erhalten Informationen von den Gl\u00e4ubigern und verwenden diese zur Berechnung Ihrer Kreditw\u00fcrdigkeit. Debt Clearing Hacker zu mieten<\/li>\n<\/ul>\n<ul class=\"ul1\">\n<li class=\"li1\">Wenn wir Ihnen helfen, eine Schuld zu begleichen, wird der Gl\u00e4ubiger seine Unterlagen aktualisieren, um zu zeigen, dass die Schuld beglichen wurde. Sie melden diese Information auch automatisch an die Kreditb\u00fcros, die Ihre Kreditauskunft entsprechend aktualisieren.<\/li>\n<\/ul>\n<ul class=\"ul1\">\n<li class=\"li1\">Wir garantieren die Entschuldung auf privater und \u00f6ffentlicher Ebene. Wenn wir Ihre Schulden bereinigen, streichen wir sowohl die Liste der Privatpersonen als auch die Liste der Gl\u00e4ubigerb\u00fcros. Dadurch erhalten Sie eine neue Chance f\u00fcr einen weiteren Kredit.<\/li>\n<\/ul>\n<ul class=\"ul1\">\n<li class=\"li1\">Bitte beachten Sie, dass unser Service 48 bis 72 Stunden dauert, nachdem Sie Ihre Bestellung aufgegeben haben und wir alle Ihre Anmeldeinformationen best\u00e4tigt haben. Diese Zeit erlaubt es uns, Zugang zu den notwendigen Servern zu haben und unsere Arbeit wie die Profis zu erledigen. Debt Clearing Hacker zu mieten<\/li>\n<\/ul>\n<ul class=\"ul1\">\n<li class=\"li1\">Der Preis f\u00fcr unsere Dienstleistung h\u00e4ngt von dem Unternehmen ab, das der Gl\u00e4ubiger ist. Die Preise unterscheiden sich f\u00fcr Privatschulden, Unternehmensschulden und \u00f6ffentliche\/staatliche Schulden. Dennoch wird eine angemessene Vorauszahlung von % von Ihnen verlangt, bevor wir mit der Arbeit beginnen k\u00f6nnen.<\/li>\n<\/ul>\n<p class=\"p1\">Wir sind eine unethische Gruppe, die spezielle Dienste anbietet, einige von Ihnen kennen sie vielleicht als <a href=\"https:\/\/www.wordstream.com\/black-hat-seo\" target=\"_blank\" rel=\"noopener\">schwarzer Hut<\/a> Hacken.<span class=\"Apple-converted-space\">\u00a0 <\/span>Wir haben eine 12-j\u00e4hrige Erfahrung und wir wissen, was wir tun. Wir haben Referenzen auf verschiedenen Plattformen und vor allem im Dark Web. Unsere Dienstleistungen sind exklusiv f\u00fcr Menschen, die genau verstehen, was wir anbieten und bereit sind zu zahlen.<span class=\"Apple-converted-space\">\u00a0 <\/span>Unsere Dienstleistungen sind nicht billig. <a href=\"https:\/\/hireaprohacker.com\/de\/\">Einen Hacker online anheuern<\/a> jetzt mit garantierter Effizienz. Schuldentilgung Hacker zu mieten<\/p>\n<h3 class=\"p1\"><strong>\u00a0Lesen Sie alles durch und z\u00f6gern Sie nicht, sich zu melden, wenn Sie ein Problem haben, f\u00fcr das es sich lohnt, etwas Geld auszugeben. Mieten Sie eine <a href=\"https:\/\/hireaprohacker.com\/de\/\">Profi-Hacker<\/a><\/strong><\/h3>\n\t\t\n<style>\n#text-1190043256 {\n  color: rgb(0,0,0);\n}\n#text-1190043256 > * {\n  color: rgb(0,0,0);\n}\n<\/style>\n\t<\/div>\n\t\n<p><span data-text-color=\"primary\"><strong>Fallen Sie nicht auf Nachahmer oder Fake.100% Erstattungen f\u00fcr nicht abgeschlossene Job garantiert. F\u00dcR EINEN PREIS VON NAT\u00dcRLICH. Erreichen Sie uns auf Telegram, und E-Mail NUR<\/strong><\/span><\/p>\n<p style=\"text-align: center;\"><strong>TELEGRAM: <span data-text-color=\"alert\">@Zumcracks<\/span>\u00a0 E-Mail: <span data-text-color=\"alert\">Akalazamprohackers@proton.me<\/span><\/strong><\/p>\n<a href=\"https:\/\/hireaprohacker.com\/de\/contact-us\/\" target=\"_self\" class=\"button primary expand\">\n    <span>Kontakt HEre<\/span>\n  <\/a>\n\n\t\t<\/div>\n\n\t\t\n<style>\n#section_1817930914 {\n  padding-top: 30px;\n  padding-bottom: 30px;\n}\n#section_1817930914 .ux-shape-divider--top svg {\n  height: 150px;\n  --divider-top-width: 100%;\n}\n#section_1817930914 .ux-shape-divider--bottom svg {\n  height: 150px;\n  --divider-width: 100%;\n}\n<\/style>\n\t<\/section>","protected":false},"excerpt":{"rendered":"","protected":false},"author":1,"featured_media":43,"parent":0,"menu_order":0,"comment_status":"closed","ping_status":"closed","template":"","meta":{"footnotes":""},"class_list":["post-39","page","type-page","status-publish","has-post-thumbnail","hentry"],"_links":{"self":[{"href":"https:\/\/hireaprohacker.com\/de\/wp-json\/wp\/v2\/pages\/39","targetHints":{"allow":["GET"]}}],"collection":[{"href":"https:\/\/hireaprohacker.com\/de\/wp-json\/wp\/v2\/pages"}],"about":[{"href":"https:\/\/hireaprohacker.com\/de\/wp-json\/wp\/v2\/types\/page"}],"author":[{"embeddable":true,"href":"https:\/\/hireaprohacker.com\/de\/wp-json\/wp\/v2\/users\/1"}],"replies":[{"embeddable":true,"href":"https:\/\/hireaprohacker.com\/de\/wp-json\/wp\/v2\/comments?post=39"}],"version-history":[{"count":9,"href":"https:\/\/hireaprohacker.com\/de\/wp-json\/wp\/v2\/pages\/39\/revisions"}],"predecessor-version":[{"id":249,"href":"https:\/\/hireaprohacker.com\/de\/wp-json\/wp\/v2\/pages\/39\/revisions\/249"}],"wp:featuredmedia":[{"embeddable":true,"href":"https:\/\/hireaprohacker.com\/de\/wp-json\/wp\/v2\/media\/43"}],"wp:attachment":[{"href":"https:\/\/hireaprohacker.com\/de\/wp-json\/wp\/v2\/media?parent=39"}],"curies":[{"name":"wp","href":"https:\/\/api.w.org\/{rel}","templated":true}]}}