{"id":24,"date":"2022-11-11T11:03:32","date_gmt":"2022-11-11T11:03:32","guid":{"rendered":"https:\/\/hireaprohacker.com\/?page_id=24"},"modified":"2025-12-22T10:44:59","modified_gmt":"2025-12-22T10:44:59","slug":"einen-datenrettungshacker-anheuern","status":"publish","type":"page","link":"https:\/\/hireaprohacker.com\/de\/hire-a-data-recovery-hacker\/","title":{"rendered":"Datenrettung Hacker"},"content":{"rendered":"<section class=\"section\" id=\"section_518770258\">\n\t\t<div class=\"bg section-bg fill bg-fill  bg-loaded\" >\n\n\t\t\t\n\t\t\t\n\t\t\t\n\n\t\t<\/div>\n\n\t\t\n\n\t\t<div class=\"section-content relative\">\n\t\t\t\n<h3 style=\"text-align: center;\"><strong>Wo man einen Datenrettungshacker anheuert<\/strong><\/h3>\n<p class=\"p1\"><strong>The only way we know of to genuinely Recover\/delete information off any server or Internet regardless of where it goes would be to design it to self-delete if copied or engineer a tracker into the media itself so it can be isolated and controlled. To overcome this hurdle our teams would have to crack your encryption determine what kinds of trackers are being used, develop new methods of circumventing that information sharing and finally reconfigure the code the media was built around to serve the purposes of the agency that intercepted it.<\/strong><\/p>\n<p class=\"p1\"><strong>WENN Ihr <a href=\"https:\/\/google.com\/\" target=\"_blank\" rel=\"noopener\">Daten<\/a> ist so wichtig, dass ein Unternehmen ein solches Ma\u00df an Ressourcen einsetzt, um eine Kopie Ihres Datentr\u00e4gers aufzubewahren, gibt es andere M\u00f6glichkeiten, aber der technische Aufwand, der n\u00f6tig w\u00e4re, um \u00f6ffentliche Informationen zu kontrollieren, ist so gro\u00df, dass nicht einmal Unternehmen, die ein berechtigtes Interesse an dieser Kontrolle haben, einen Weg gefunden haben, dies zu tun, wenn sie nicht alle Wege der Informationsweitergabe kontrollieren.<\/strong><\/p>\n<p class=\"p1\"><strong>Im Moment ist das Internet noch der Wilde Westen. Den meisten von uns ist es egal, dass unsere Informationen da drau\u00dfen sind, und die meisten von uns bevorzugen das \u00f6ffentliche Image, das wir dadurch erhalten (SSO, <a href=\"https:\/\/www.google.com\/\" target=\"_blank\" rel=\"noopener\">Passwort-Manager<\/a>usw.), um etwas aus dieser Welt zu entfernen, w\u00fcrde Ressourcen erfordern, von denen 99,99999% nicht einmal wissen, dass es sie gibt, und noch weniger k\u00f6nnen sie ohne einen wirklich guten Grund nutzen. Beauftragen Sie einen Datenrettungshacker<\/strong><\/p>\n<p class=\"p1\"><strong>In der Praxis ist es m\u00f6glich, \u00f6ffentliche Informationen so harmlos zu machen, dass sie tats\u00e4chlich aus dem Internet verschwinden. Es gibt \u00f6ffentliche und kostenlose Seiten dar\u00fcber, wie man einen Kernreaktor baut und wie man CBRN-Munition herstellt, die die Regierung sehr hartn\u00e4ckig zu entfernen versucht hat, und ich kann eine 30-Sekunden-Google-Suche mit den richtigen Schl\u00fcsselw\u00f6rtern durchf\u00fchren und sie immer noch finden, so dass sie genau zeigen, wie schwer es ist, aber um sie tats\u00e4chlich zu l\u00f6schen, braucht man ein hohes Ma\u00df an Technik, das nur sehr wenige Menschen besitzen.<\/strong><\/p>\n<p class=\"p1\"><strong>Die Wahrscheinlichkeit, dass dies passiert, ist nicht gleich null, und ich pers\u00f6nlich kenne mehrere Dinge, die online gestellt wurden und nicht mehr in messbarer Weise online sind. <a href=\"https:\/\/hireaprohacker.com\/de\/\">Einen Datenrettungs-Hacker engagieren<\/a><\/strong><\/p>\n<h3 class=\"p1\" style=\"text-align: center;\"><strong>Hier sind einige allgemeine Schritte, die wir typischerweise in den Datenwiederherstellungsprozess involviert sind. Wir hingegen bitten unsere Kunden dringend, sich das Risiko bewusst zu machen und sicherzustellen, dass sie mit unserem Arbeitsmodell einverstanden sind.<\/strong><\/h3>\n<ol class=\"ol1\">\n<li class=\"li1\"><strong>Stellen Sie die Verwendung des Ger\u00e4ts sofort ein: Wenn Sie den Verdacht haben, dass Ihre Daten verloren gegangen sind oder besch\u00e4digt wurden, sollten Sie das Ger\u00e4t oder das Speichermedium, auf dem die Daten gespeichert waren, zun\u00e4chst nicht mehr verwenden. Wenn Sie das Ger\u00e4t weiter verwenden, k\u00f6nnten die Daten, die Sie wiederherstellen m\u00f6chten, \u00fcberschrieben werden, was die Wiederherstellung erschwert oder sogar unm\u00f6glich macht. Beauftragen Sie einen Datenrettungs-Hacker<\/strong><\/li>\n<li class=\"li1\"><strong>Ermitteln Sie die Ursache f\u00fcr den Datenverlust: Der n\u00e4chste Schritt besteht darin, die Ursache f\u00fcr den Datenverlust zu ermitteln. Dabei kann es sich um eine Software- oder Hardware-Fehlfunktion, eine versehentliche L\u00f6schung oder eine physische Besch\u00e4digung handeln. Wenn Sie die Ursache des Problems kennen, k\u00f6nnen Sie die beste Vorgehensweise f\u00fcr die Datenwiederherstellung bestimmen.<\/strong><\/li>\n<li class=\"li1\"><strong>Bewerten Sie das Ausma\u00df des Datenverlusts: Sobald wir die Ursache f\u00fcr den Datenverlust kennen, m\u00fcssen wir das Ausma\u00df des Schadens bestimmen. Dazu k\u00f6nnten wir spezielle Software oder Tools verwenden, um die Speichermedien zu analysieren und festzustellen, welche Dateien noch wiederherstellbar sind.<\/strong><\/li>\n<li class=\"li1\"><strong>Choose a data recovery method: Based on the cause and extent of the data loss, we&#8217;ll need to choose a data recovery method. This could involve using specialized software, hardware, or services provided by a professional data recovery company who are reputable and outstanding.<\/strong><\/li>\n<li class=\"li1\"><strong>Wiederherstellen der Daten: Nachdem wir eine Methode zur Datenwiederherstellung ausgew\u00e4hlt haben, besteht der n\u00e4chste Schritt darin, die Daten tats\u00e4chlich wiederherzustellen. Dies kann die Verwendung von Software zur Suche nach wiederherstellbaren Dateien, die Reparatur besch\u00e4digter Dateien oder die physische Reparatur oder den Austausch besch\u00e4digter Hardwarekomponenten umfassen. <a href=\"https:\/\/hireaprohacker.com\/de\/\">Einen Datenrettungs-Hacker engagieren<\/a><\/strong><\/li>\n<li class=\"li1\"><strong>Testen Sie die wiederhergestellten Daten: Nachdem die Daten wiederhergestellt wurden, ist es wichtig, sie zu testen, um sicherzustellen, dass sie vollst\u00e4ndig und frei von Fehlern sind. Dazu kann es geh\u00f6ren, Dateien zu \u00f6ffnen und zu \u00fcberpr\u00fcfen, ob sie intakt sind, oder Diagnosetests durchzuf\u00fchren, um sicherzustellen, dass die wiederhergestellten Daten voll funktionsf\u00e4hig sind. <a href=\"https:\/\/hireaprohacker.com\/de\/\">Einen Datenrettungs-Hacker engagieren<\/a><\/strong><\/li>\n<\/ol>\n<h3><strong>Haftungsausschluss:<\/strong><\/h3>\n<p class=\"p1\"><strong>Denken Sie daran, dass die Wiederherstellung von Daten ein komplexer und zeitaufw\u00e4ndiger Prozess sein kann, und dass es keine Garantie daf\u00fcr gibt, dass alle verlorenen oder besch\u00e4digten Daten wiederhergestellt werden k\u00f6nnen.wir bitten unsere Kunden immer um Geduld und Flexibilit\u00e4t, damit wir unsere Arbeit gut machen k\u00f6nnen.<\/strong><\/p>\n<h3><strong>Kontaktieren Sie uns noch heute f\u00fcr alle Ihre Datenwiederherstellungsprobleme\u00a0<\/strong><\/h3>\n<p><span data-text-color=\"primary\"><strong>Fallen Sie nicht auf Nachahmer oder Fake.100% Erstattungen f\u00fcr nicht abgeschlossene Job garantiert. F\u00dcR EINEN PREIS VON NAT\u00dcRLICH. Erreichen Sie uns auf Telegram, und E-Mail NUR<\/strong><\/span><\/p>\n<p style=\"text-align: center;\"><strong>TELEGRAM: <span data-text-color=\"alert\">@Zumcracks<\/span>\u00a0 E-Mail: <span data-text-color=\"alert\">Akalazamprohackers@proton.me<\/span><\/strong><\/p>\n<a href=\"https:\/\/hireaprohacker.com\/de\/contact-us\/\" target=\"_self\" class=\"button primary expand\">\n    <span>KONTAKT HIER<\/span>\n  <\/a>\n\n\t\t<\/div>\n\n\t\t\n<style>\n#section_518770258 {\n  padding-top: 30px;\n  padding-bottom: 30px;\n}\n#section_518770258 .ux-shape-divider--top svg {\n  height: 150px;\n  --divider-top-width: 100%;\n}\n#section_518770258 .ux-shape-divider--bottom svg {\n  height: 150px;\n  --divider-width: 100%;\n}\n<\/style>\n\t<\/section>","protected":false},"excerpt":{"rendered":"","protected":false},"author":1,"featured_media":28,"parent":0,"menu_order":0,"comment_status":"closed","ping_status":"closed","template":"","meta":{"footnotes":""},"class_list":["post-24","page","type-page","status-publish","has-post-thumbnail","hentry"],"_links":{"self":[{"href":"https:\/\/hireaprohacker.com\/de\/wp-json\/wp\/v2\/pages\/24","targetHints":{"allow":["GET"]}}],"collection":[{"href":"https:\/\/hireaprohacker.com\/de\/wp-json\/wp\/v2\/pages"}],"about":[{"href":"https:\/\/hireaprohacker.com\/de\/wp-json\/wp\/v2\/types\/page"}],"author":[{"embeddable":true,"href":"https:\/\/hireaprohacker.com\/de\/wp-json\/wp\/v2\/users\/1"}],"replies":[{"embeddable":true,"href":"https:\/\/hireaprohacker.com\/de\/wp-json\/wp\/v2\/comments?post=24"}],"version-history":[{"count":9,"href":"https:\/\/hireaprohacker.com\/de\/wp-json\/wp\/v2\/pages\/24\/revisions"}],"predecessor-version":[{"id":263,"href":"https:\/\/hireaprohacker.com\/de\/wp-json\/wp\/v2\/pages\/24\/revisions\/263"}],"wp:featuredmedia":[{"embeddable":true,"href":"https:\/\/hireaprohacker.com\/de\/wp-json\/wp\/v2\/media\/28"}],"wp:attachment":[{"href":"https:\/\/hireaprohacker.com\/de\/wp-json\/wp\/v2\/media?parent=24"}],"curies":[{"name":"wp","href":"https:\/\/api.w.org\/{rel}","templated":true}]}}