{"id":103,"date":"2023-06-13T02:23:36","date_gmt":"2023-06-13T02:23:36","guid":{"rendered":"https:\/\/hireaprohacker.com\/?page_id=103"},"modified":"2024-12-22T20:01:19","modified_gmt":"2024-12-22T20:01:19","slug":"hire-a-hacker-for-cell-phone","status":"publish","type":"page","link":"https:\/\/hireaprohacker.com\/de\/hire-a-hacker-for-cell-phone\/","title":{"rendered":"Dienstleistungen"},"content":{"rendered":"<h2><strong>Hire a hacker for cell phone<\/strong><\/h2>\n<h3 style=\"text-align: center;\"><span data-text-color=\"primary\"><strong>Hacking aller Konten in sozialen Medien<\/strong><\/span><\/h3>\n<p><strong>Rent a hacker to provide access to all social media account such as telegram, facebook, instagram, snapchat, Email. Our software and spy tools enables our clients to have full access to the accounts which are irreversible. Social media account hacker for rent.<\/strong><\/p>\n<h3 style=\"text-align: center;\"><span data-text-color=\"primary\"><strong>Spionage des betr\u00fcgenden Partners<\/strong><\/span><\/h3>\n<p class=\"p1\"><strong>All die Vorstellungen, schlaflosen N\u00e4chte und Zweifel an der Loyalit\u00e4t Ihres Partners sind vorbei. Wir helfen Ihnen, Zugang zu den Gespr\u00e4chen Ihres Partners in Echtzeit zu haben, ohne dass Ihr Partner etwas davon wei\u00df. Heuern Sie einen professionellen Hacker an und alles, was Sie tun m\u00fcssen, ist, sich hinzusetzen und zu entspannen, w\u00e4hrend Sie die Magie wirken sehen. <span class=\"selectable-text copyable-text\">Hire a Hacker To Catch A Cheating Spouse, Boyfriend or Girlfriend.Hire a hacker for cell phone<\/span><\/strong><\/p>\n<h3 style=\"text-align: center;\"><span data-text-color=\"primary\"><strong>Wiedererlangung oder Verlust von Bitcoins<\/strong><\/span><\/h3>\n<p><strong>Recovery of lost or stolen crypto can be very difficult, There are several elements which have to be taken into consideration such as the type of wallet, duration of the lost and security. We always urge our clients involved in crypto loss to get into contact with us fast so that we can trace the receiving wallet and proceed with freezing the assets first before being able to ID and retrieve. <a href=\"https:\/\/medium.com\/tag\/hackers-and-education\" target=\"_blank\" rel=\"noopener\">Crypto recovery<\/a> expert online. Hire a hacker for cell phone<\/strong><\/p>\n<h3 style=\"text-align: center;\"><span data-text-color=\"primary\"><strong>Datenwiederherstellung\/-ver\u00e4nderung<\/strong><\/span><\/h3>\n<p class=\"p1\"><strong>Unter Datenwiederherstellung versteht man die Wiederherstellung von Daten, die verloren gegangen, besch\u00e4digt oder versehentlich gel\u00f6scht worden sind. Das spezifische Verfahren zur Datenwiederherstellung h\u00e4ngt von der Ursache und dem Ausma\u00df des Datenverlusts sowie von der Art des betroffenen Ger\u00e4ts und Speichermediums ab. Beauftragen Sie einen Experten f\u00fcr Datenwiederherstellung<\/strong><\/p>\n<h3 style=\"text-align: center;\"><span data-text-color=\"primary\"><strong>Verbesserung der Noten und des Zugangs zur Pr\u00fcfungsdatenbank\u00a0<\/strong><\/span><\/h3>\n<p><strong>This service range from upgrading student grades, access to school and exam board data base for leaked questions, Provision of authentic questions for most international exams in the departments of nursing, medicine, language and several others. <a href=\"https:\/\/hireaprohacker.com\/de\/\">Hire a hacker<\/a> to improve exam grades and leaked RN questions. Hire a hacker for cell phone<\/strong><\/p>\n<h3 style=\"text-align: center;\"><span data-text-color=\"primary\"><strong>Tilgung einer Hypothek\/eines Kredits<\/strong><\/span><\/h3>\n<p><strong>Dieser Dienst ist systematisch, um Verdachtsmomente und rote Fahnen zu vermeiden. Alle Darlehen und Hypotheken k\u00f6nnen nicht sofort abgewickelt werden. Die Bearbeitungszeit kann je nach Betrag und Land zwischen Wochen und mehreren Monaten variieren. Wir gehen zu l\u00f6schen sowohl von den Gl\u00e4ubigern Rekord und Rekord B\u00fcro. Mieten Sie einen professionellen Hacker zu reinigen Rekord sind mit unseren Darlehen \/ Hypothek Hacker auszahlen garantiert.\u00a0<\/strong><\/p>\n<h3 style=\"text-align: center;\"><span data-text-color=\"primary\"><strong>Erh\u00f6hung der Kreditw\u00fcrdigkeit<\/strong><\/span><\/h3>\n<p><strong>Are you unable to get approval from the bank or any other creditors due to your credit score? Our team of certified hackers are here to help improve your credit score with all old traces erased. <a href=\"https:\/\/hireaprohacker.com\/de\/\">Click<\/a> to hire a hacker to increase credit score. Hire a hacker for cell phone<\/strong><\/p>\n<h3 style=\"text-align: center;\"><span data-text-color=\"primary\"><strong>Verfolgung des Standorts<\/strong><\/span><\/h3>\n<p><strong>Den Standort einer Person aufzusp\u00fcren, kann eine schwierige Aufgabe sein, aber mit dem richtigen Wissen kann es in wenigen Minuten erledigt werden. Wir k\u00f6nnen Ihnen helfen, den Standort einer Person auf der ganzen Welt \u00fcber ein elektronisches Ger\u00e4t, eine Telefonnummer, eine E-Mail oder ein Social-Media-Konto zu verfolgen. Fein ein Hacker zu mieten\u00a0<\/strong><\/p>\n<p><span data-text-color=\"primary\"><strong>Fallen Sie nicht auf Nachahmer oder Fake.100% Erstattungen f\u00fcr nicht abgeschlossene Job garantiert. F\u00dcR EINEN PREIS VON NAT\u00dcRLICH. Erreichen Sie uns auf Telegram, und E-Mail NUR<\/strong><\/span><\/p>\n<p style=\"text-align: center;\"><strong>TELEGRAM: <span data-text-color=\"alert\">@Zumcracks<\/span>\u00a0 E-Mail: <span data-text-color=\"alert\">Akalazamprohackers@proton.me<\/span><\/strong><\/p>\n<a href=\"https:\/\/hireaprohacker.com\/de\/contact-us\/\" target=\"_self\" class=\"button primary expand\">\n    <span>KONTAKT HIER<\/span>\n  <\/a>","protected":false},"excerpt":{"rendered":"<p>Hire a hacker for cell phone Hacking of all social media accounts Rent a hacker to provide access to all social media account such as telegram, facebook, instagram, snapchat, Email. Our software and spy tools enables our clients to have full access to the accounts which are irreversible. Social media account hacker for rent. Spying [&#8230;]\n","protected":false},"author":1,"featured_media":12,"parent":0,"menu_order":0,"comment_status":"closed","ping_status":"closed","template":"","meta":{"footnotes":""},"class_list":["post-103","page","type-page","status-publish","has-post-thumbnail","hentry"],"_links":{"self":[{"href":"https:\/\/hireaprohacker.com\/de\/wp-json\/wp\/v2\/pages\/103","targetHints":{"allow":["GET"]}}],"collection":[{"href":"https:\/\/hireaprohacker.com\/de\/wp-json\/wp\/v2\/pages"}],"about":[{"href":"https:\/\/hireaprohacker.com\/de\/wp-json\/wp\/v2\/types\/page"}],"author":[{"embeddable":true,"href":"https:\/\/hireaprohacker.com\/de\/wp-json\/wp\/v2\/users\/1"}],"replies":[{"embeddable":true,"href":"https:\/\/hireaprohacker.com\/de\/wp-json\/wp\/v2\/comments?post=103"}],"version-history":[{"count":4,"href":"https:\/\/hireaprohacker.com\/de\/wp-json\/wp\/v2\/pages\/103\/revisions"}],"predecessor-version":[{"id":157,"href":"https:\/\/hireaprohacker.com\/de\/wp-json\/wp\/v2\/pages\/103\/revisions\/157"}],"wp:featuredmedia":[{"embeddable":true,"href":"https:\/\/hireaprohacker.com\/de\/wp-json\/wp\/v2\/media\/12"}],"wp:attachment":[{"href":"https:\/\/hireaprohacker.com\/de\/wp-json\/wp\/v2\/media?parent=103"}],"curies":[{"name":"wp","href":"https:\/\/api.w.org\/{rel}","templated":true}]}}